{"id":565,"date":"2025-11-14T19:03:34","date_gmt":"2025-11-14T19:03:34","guid":{"rendered":"https:\/\/www.mundilibros.cl\/web\/?post_type=product&#038;p=565"},"modified":"2025-11-14T19:04:07","modified_gmt":"2025-11-14T19:04:07","slug":"el-domador-de-monstruos","status":"publish","type":"product","link":"https:\/\/www.mundilibros.cl\/web\/producto\/el-domador-de-monstruos\/","title":{"rendered":"EL DOMADOR DE MONSTRUOS"},"content":{"rendered":"<p>Sergio, un ni\u00f1o peque\u00f1o, detesta a los monstruos que todas las noches aparecen en su habitaci\u00f3n. Hasta que se harta de tener miedo y decide buscar una manera de acabar con ellos de una vez por todas. Una historia divertida que ense\u00f1a la necesidad de afrontar los problemas de la vida.<\/p>\n<p>Autor: Machado Ana Maria, Torcida Maria Luisa<\/p>\n<p>64 paginas<br \/>\nIdioma: Castellano<br \/>\nColecci\u00f3n: EL BARCO DE VAPOR<br \/>\nNivel: PRIMEROS LECTORES<\/p>\n","protected":false},"excerpt":{"rendered":"<p>Sergio, un ni\u00f1o peque\u00f1o, detesta a los monstruos que todas las noches aparecen en su habitaci\u00f3n. Hasta que se harta de tener miedo y decide buscar<span class=\"excerpt-hellip\"> [\u2026]<\/span><\/p>\n","protected":false},"featured_media":614,"comment_status":"open","ping_status":"closed","template":"","meta":[],"product_brand":[],"product_cat":[33],"product_tag":[],"class_list":{"0":"post-565","1":"product","2":"type-product","3":"status-publish","4":"has-post-thumbnail","6":"product_cat-literatura-escolar","8":"first","9":"instock","10":"sale","11":"taxable","12":"shipping-taxable","13":"purchasable","14":"product-type-simple"},"_links":{"self":[{"href":"https:\/\/www.mundilibros.cl\/web\/wp-json\/wp\/v2\/product\/565","targetHints":{"allow":["GET"]}}],"collection":[{"href":"https:\/\/www.mundilibros.cl\/web\/wp-json\/wp\/v2\/product"}],"about":[{"href":"https:\/\/www.mundilibros.cl\/web\/wp-json\/wp\/v2\/types\/product"}],"replies":[{"embeddable":true,"href":"https:\/\/www.mundilibros.cl\/web\/wp-json\/wp\/v2\/comments?post=565"}],"wp:featuredmedia":[{"embeddable":true,"href":"https:\/\/www.mundilibros.cl\/web\/wp-json\/wp\/v2\/media\/614"}],"wp:attachment":[{"href":"https:\/\/www.mundilibros.cl\/web\/wp-json\/wp\/v2\/media?parent=565"}],"wp:term":[{"taxonomy":"product_brand","embeddable":true,"href":"https:\/\/www.mundilibros.cl\/web\/wp-json\/wp\/v2\/product_brand?post=565"},{"taxonomy":"product_cat","embeddable":true,"href":"https:\/\/www.mundilibros.cl\/web\/wp-json\/wp\/v2\/product_cat?post=565"},{"taxonomy":"product_tag","embeddable":true,"href":"https:\/\/www.mundilibros.cl\/web\/wp-json\/wp\/v2\/product_tag?post=565"}],"curies":[{"name":"wp","href":"https:\/\/api.w.org\/{rel}","templated":true}]}}