{"id":585,"date":"2025-11-14T19:03:55","date_gmt":"2025-11-14T19:03:55","guid":{"rendered":"https:\/\/www.mundilibros.cl\/web\/?post_type=product&#038;p=585"},"modified":"2026-02-04T14:42:36","modified_gmt":"2026-02-04T14:42:36","slug":"un-perro-confundido-loran","status":"publish","type":"product","link":"https:\/\/www.mundilibros.cl\/web\/producto\/un-perro-confundido-loran\/","title":{"rendered":"UN PERRO CONFUNDIDO (Loran)"},"content":{"rendered":"<p>Amadeo, el\u00a0<span class=\"search-everything-highlight-color\">perro<\/span>\u00a0salchicha de los Mart\u00ednez, es el m\u00e1s regal\u00f3n de la familia: todos lo miman, y \u00e9l vive feliz y tranquilo. Hasta que un d\u00eda, escucha que en la casa quieren comer\u00a0<span class=\"search-everything-highlight-color\">perros<\/span>\u00a0calientes.<\/p>\n<p>Autor: Cecilia Beuchat<\/p>\n<p>P\u00e1ginas: 64<\/p>\n","protected":false},"excerpt":{"rendered":"<p>Amadeo, el\u00a0perro\u00a0salchicha de los Mart\u00ednez, es el m\u00e1s regal\u00f3n de la familia: todos lo miman, y \u00e9l vive feliz y tranquilo. Hasta que un d\u00eda, escucha<span class=\"excerpt-hellip\"> [\u2026]<\/span><\/p>\n","protected":false},"featured_media":618,"comment_status":"open","ping_status":"closed","template":"","meta":[],"product_brand":[],"product_cat":[33],"product_tag":[],"class_list":{"0":"post-585","1":"product","2":"type-product","3":"status-publish","4":"has-post-thumbnail","6":"product_cat-literatura-escolar","8":"first","9":"instock","10":"taxable","11":"shipping-taxable","12":"purchasable","13":"product-type-simple"},"_links":{"self":[{"href":"https:\/\/www.mundilibros.cl\/web\/wp-json\/wp\/v2\/product\/585","targetHints":{"allow":["GET"]}}],"collection":[{"href":"https:\/\/www.mundilibros.cl\/web\/wp-json\/wp\/v2\/product"}],"about":[{"href":"https:\/\/www.mundilibros.cl\/web\/wp-json\/wp\/v2\/types\/product"}],"replies":[{"embeddable":true,"href":"https:\/\/www.mundilibros.cl\/web\/wp-json\/wp\/v2\/comments?post=585"}],"wp:featuredmedia":[{"embeddable":true,"href":"https:\/\/www.mundilibros.cl\/web\/wp-json\/wp\/v2\/media\/618"}],"wp:attachment":[{"href":"https:\/\/www.mundilibros.cl\/web\/wp-json\/wp\/v2\/media?parent=585"}],"wp:term":[{"taxonomy":"product_brand","embeddable":true,"href":"https:\/\/www.mundilibros.cl\/web\/wp-json\/wp\/v2\/product_brand?post=585"},{"taxonomy":"product_cat","embeddable":true,"href":"https:\/\/www.mundilibros.cl\/web\/wp-json\/wp\/v2\/product_cat?post=585"},{"taxonomy":"product_tag","embeddable":true,"href":"https:\/\/www.mundilibros.cl\/web\/wp-json\/wp\/v2\/product_tag?post=585"}],"curies":[{"name":"wp","href":"https:\/\/api.w.org\/{rel}","templated":true}]}}