{"id":588,"date":"2025-11-14T19:03:55","date_gmt":"2025-11-14T19:03:55","guid":{"rendered":"https:\/\/www.mundilibros.cl\/web\/?post_type=product&#038;p=588"},"modified":"2025-11-14T19:04:10","modified_gmt":"2025-11-14T19:04:10","slug":"amadeo-no-esta-solo","status":"publish","type":"product","link":"https:\/\/www.mundilibros.cl\/web\/producto\/amadeo-no-esta-solo\/","title":{"rendered":"AMADEO NO ESTA SOLO"},"content":{"rendered":"<p>Se acaban las vacaciones y la casa est\u00e1 m\u00e1s vac\u00eda. \u00bfQu\u00e9 hara Amadeo para escapar de la soledad? Se acaban las vacaciones y la casa est\u00e1 m\u00e1s vac\u00eda. \u00bfQu\u00e9 har\u00e1 Amadeo para escapar de la soledad?<\/p>\n<p>Desde los 6 a\u00f1os<\/p>\n<p>Paginas: 68<\/p>\n","protected":false},"excerpt":{"rendered":"<p>Se acaban las vacaciones y la casa est\u00e1 m\u00e1s vac\u00eda. \u00bfQu\u00e9 hara Amadeo para escapar de la soledad? Se acaban las vacaciones y la casa est\u00e1<span class=\"excerpt-hellip\"> [\u2026]<\/span><\/p>\n","protected":false},"featured_media":621,"comment_status":"open","ping_status":"closed","template":"","meta":[],"product_brand":[],"product_cat":[33],"product_tag":[],"class_list":{"0":"post-588","1":"product","2":"type-product","3":"status-publish","4":"has-post-thumbnail","6":"product_cat-literatura-escolar","8":"first","9":"instock","10":"taxable","11":"shipping-taxable","12":"purchasable","13":"product-type-simple"},"_links":{"self":[{"href":"https:\/\/www.mundilibros.cl\/web\/wp-json\/wp\/v2\/product\/588","targetHints":{"allow":["GET"]}}],"collection":[{"href":"https:\/\/www.mundilibros.cl\/web\/wp-json\/wp\/v2\/product"}],"about":[{"href":"https:\/\/www.mundilibros.cl\/web\/wp-json\/wp\/v2\/types\/product"}],"replies":[{"embeddable":true,"href":"https:\/\/www.mundilibros.cl\/web\/wp-json\/wp\/v2\/comments?post=588"}],"wp:featuredmedia":[{"embeddable":true,"href":"https:\/\/www.mundilibros.cl\/web\/wp-json\/wp\/v2\/media\/621"}],"wp:attachment":[{"href":"https:\/\/www.mundilibros.cl\/web\/wp-json\/wp\/v2\/media?parent=588"}],"wp:term":[{"taxonomy":"product_brand","embeddable":true,"href":"https:\/\/www.mundilibros.cl\/web\/wp-json\/wp\/v2\/product_brand?post=588"},{"taxonomy":"product_cat","embeddable":true,"href":"https:\/\/www.mundilibros.cl\/web\/wp-json\/wp\/v2\/product_cat?post=588"},{"taxonomy":"product_tag","embeddable":true,"href":"https:\/\/www.mundilibros.cl\/web\/wp-json\/wp\/v2\/product_tag?post=588"}],"curies":[{"name":"wp","href":"https:\/\/api.w.org\/{rel}","templated":true}]}}