{"id":591,"date":"2025-11-14T19:03:55","date_gmt":"2025-11-14T19:03:55","guid":{"rendered":"https:\/\/www.mundilibros.cl\/web\/?post_type=product&#038;p=591"},"modified":"2025-11-14T19:04:11","modified_gmt":"2025-11-14T19:04:11","slug":"misery-espanol","status":"publish","type":"product","link":"https:\/\/www.mundilibros.cl\/web\/producto\/misery-espanol\/","title":{"rendered":"MISERY (espa\u00f1ol)"},"content":{"rendered":"<p>Misery es un relato obsesivo que s\u00f3lo pod\u00eda escribir Stephen King. Un escritor sufre un grave accidente y recobra el conocimiento en una apartada casa en la que vive una misteriosa mujer, corpulenta y de extra\u00f1o car\u00e1cter. Se trata de una antigua enfermera, involucrada en varias muertes misteriosas ocurridas en diversos hospitales. Esta mujer es capaz de los mayores horrores, y el escritor, con las piernas rotas y entre terribles dolores, tiene que luchar por su vida.<\/p>\n<p>FECHA DE LANZAMIENTO 05-2007<\/p>\n<p>PAGINAS : 376<\/p>\n","protected":false},"excerpt":{"rendered":"<p>Misery es un relato obsesivo que s\u00f3lo pod\u00eda escribir Stephen King. Un escritor sufre un grave accidente y recobra el conocimiento en una apartada casa en<span class=\"excerpt-hellip\"> [\u2026]<\/span><\/p>\n","protected":false},"featured_media":624,"comment_status":"open","ping_status":"closed","template":"","meta":[],"product_brand":[],"product_cat":[29],"product_tag":[],"class_list":{"0":"post-591","1":"product","2":"type-product","3":"status-publish","4":"has-post-thumbnail","6":"product_cat-suspenso-terror","8":"first","9":"outofstock","10":"taxable","11":"shipping-taxable","12":"purchasable","13":"product-type-simple"},"_links":{"self":[{"href":"https:\/\/www.mundilibros.cl\/web\/wp-json\/wp\/v2\/product\/591","targetHints":{"allow":["GET"]}}],"collection":[{"href":"https:\/\/www.mundilibros.cl\/web\/wp-json\/wp\/v2\/product"}],"about":[{"href":"https:\/\/www.mundilibros.cl\/web\/wp-json\/wp\/v2\/types\/product"}],"replies":[{"embeddable":true,"href":"https:\/\/www.mundilibros.cl\/web\/wp-json\/wp\/v2\/comments?post=591"}],"wp:featuredmedia":[{"embeddable":true,"href":"https:\/\/www.mundilibros.cl\/web\/wp-json\/wp\/v2\/media\/624"}],"wp:attachment":[{"href":"https:\/\/www.mundilibros.cl\/web\/wp-json\/wp\/v2\/media?parent=591"}],"wp:term":[{"taxonomy":"product_brand","embeddable":true,"href":"https:\/\/www.mundilibros.cl\/web\/wp-json\/wp\/v2\/product_brand?post=591"},{"taxonomy":"product_cat","embeddable":true,"href":"https:\/\/www.mundilibros.cl\/web\/wp-json\/wp\/v2\/product_cat?post=591"},{"taxonomy":"product_tag","embeddable":true,"href":"https:\/\/www.mundilibros.cl\/web\/wp-json\/wp\/v2\/product_tag?post=591"}],"curies":[{"name":"wp","href":"https:\/\/api.w.org\/{rel}","templated":true}]}}