{"id":592,"date":"2025-11-14T19:03:55","date_gmt":"2025-11-14T19:03:55","guid":{"rendered":"https:\/\/www.mundilibros.cl\/web\/?post_type=product&#038;p=592"},"modified":"2025-11-14T19:04:11","modified_gmt":"2025-11-14T19:04:11","slug":"colorado-kid","status":"publish","type":"product","link":"https:\/\/www.mundilibros.cl\/web\/producto\/colorado-kid\/","title":{"rendered":"COLORADO KID"},"content":{"rendered":"<p>En una isla de las costas de Maine, un hombre es encontrado muerto. No hay identificaci\u00f3n de su cuerpo. Solo el esforzado trabajo de un par de periodistas locales y de un graduado en medicina forense logra descubrir algunas pistas para, despu\u00e9s de un a\u00f1o, saber qui\u00e9n es el muerto. pero es aqu\u00ed donde comienza el misterio. Porque cuanto m\u00e1s descubren del hombre y de las extra\u00f1as circunstancias de su muerte, menos comprenden. \u00bfSe trata de un crimen imposible? \u00bfO algo a\u00fan m\u00e1s extra\u00f1o&#8230;?<\/p>\n<p>Con ecos de El halc\u00f3n malt\u00e9s de Dashiell Hammet y de la obra de Graham Greene, Stephen King presenta un relato sorprendente y conmovedor, cuyo tema es nada menos que la naturaleza del propiomisterio.<\/p>\n<p>\u00abColorado Kid tiene las virtudes de las viejas historias de suspense. Colorado Kid<\/p>\n","protected":false},"excerpt":{"rendered":"<p>En una isla de las costas de Maine, un hombre es encontrado muerto. No hay identificaci\u00f3n de su cuerpo. Solo el esforzado trabajo de un par<span class=\"excerpt-hellip\"> [\u2026]<\/span><\/p>\n","protected":false},"featured_media":625,"comment_status":"open","ping_status":"closed","template":"","meta":[],"product_brand":[],"product_cat":[29],"product_tag":[],"class_list":{"0":"post-592","1":"product","2":"type-product","3":"status-publish","4":"has-post-thumbnail","6":"product_cat-suspenso-terror","8":"first","9":"outofstock","10":"taxable","11":"shipping-taxable","12":"purchasable","13":"product-type-simple"},"_links":{"self":[{"href":"https:\/\/www.mundilibros.cl\/web\/wp-json\/wp\/v2\/product\/592","targetHints":{"allow":["GET"]}}],"collection":[{"href":"https:\/\/www.mundilibros.cl\/web\/wp-json\/wp\/v2\/product"}],"about":[{"href":"https:\/\/www.mundilibros.cl\/web\/wp-json\/wp\/v2\/types\/product"}],"replies":[{"embeddable":true,"href":"https:\/\/www.mundilibros.cl\/web\/wp-json\/wp\/v2\/comments?post=592"}],"wp:featuredmedia":[{"embeddable":true,"href":"https:\/\/www.mundilibros.cl\/web\/wp-json\/wp\/v2\/media\/625"}],"wp:attachment":[{"href":"https:\/\/www.mundilibros.cl\/web\/wp-json\/wp\/v2\/media?parent=592"}],"wp:term":[{"taxonomy":"product_brand","embeddable":true,"href":"https:\/\/www.mundilibros.cl\/web\/wp-json\/wp\/v2\/product_brand?post=592"},{"taxonomy":"product_cat","embeddable":true,"href":"https:\/\/www.mundilibros.cl\/web\/wp-json\/wp\/v2\/product_cat?post=592"},{"taxonomy":"product_tag","embeddable":true,"href":"https:\/\/www.mundilibros.cl\/web\/wp-json\/wp\/v2\/product_tag?post=592"}],"curies":[{"name":"wp","href":"https:\/\/api.w.org\/{rel}","templated":true}]}}