{"id":593,"date":"2025-11-14T19:03:55","date_gmt":"2025-11-14T19:03:55","guid":{"rendered":"https:\/\/www.mundilibros.cl\/web\/?post_type=product&#038;p=593"},"modified":"2025-11-14T19:04:11","modified_gmt":"2025-11-14T19:04:11","slug":"la-niebla","status":"publish","type":"product","link":"https:\/\/www.mundilibros.cl\/web\/producto\/la-niebla\/","title":{"rendered":"LA NIEBLA"},"content":{"rendered":"<p>El maestro se supera a s\u00ed mismo&#8230; en aterrar. He aqu\u00ed una serie de historias -unas, horripilantes en su extravagancia; otras, tan terror\u00edficas que disparan el coraz\u00f3n- que son el producto m\u00e1s acabado de una de las m\u00e1s poderosas imaginaciones de nuestro tiempo. En La niebla, historia inicial del libro, extensa como una novela, un supermercado se convierte en \u00faltimo basti\u00f3n de la humanidad al invadir la Tierra un enemigo inimaginable&#8230; En los desvanes hay cosas que conviene dejar tranquilas, cosas como El mono&#8230;<\/p>\n<p>La m\u00e1s soberbia conductora del mundo le ofrece a un hombre El atajo de la se\u00f1ora Todd, para llegar antes al Para\u00edso&#8230;<\/p>\n<p>En fin, todo un ramillete de emociones y escalofr\u00edos, cuyas flores se abren por la noche&#8230;<\/p>\n","protected":false},"excerpt":{"rendered":"<p>El maestro se supera a s\u00ed mismo&#8230; en aterrar. He aqu\u00ed una serie de historias -unas, horripilantes en su extravagancia; otras, tan terror\u00edficas que disparan el<span class=\"excerpt-hellip\"> [\u2026]<\/span><\/p>\n","protected":false},"featured_media":626,"comment_status":"open","ping_status":"closed","template":"","meta":[],"product_brand":[],"product_cat":[29],"product_tag":[],"class_list":{"0":"post-593","1":"product","2":"type-product","3":"status-publish","4":"has-post-thumbnail","6":"product_cat-suspenso-terror","8":"first","9":"outofstock","10":"taxable","11":"shipping-taxable","12":"purchasable","13":"product-type-simple"},"_links":{"self":[{"href":"https:\/\/www.mundilibros.cl\/web\/wp-json\/wp\/v2\/product\/593","targetHints":{"allow":["GET"]}}],"collection":[{"href":"https:\/\/www.mundilibros.cl\/web\/wp-json\/wp\/v2\/product"}],"about":[{"href":"https:\/\/www.mundilibros.cl\/web\/wp-json\/wp\/v2\/types\/product"}],"replies":[{"embeddable":true,"href":"https:\/\/www.mundilibros.cl\/web\/wp-json\/wp\/v2\/comments?post=593"}],"wp:featuredmedia":[{"embeddable":true,"href":"https:\/\/www.mundilibros.cl\/web\/wp-json\/wp\/v2\/media\/626"}],"wp:attachment":[{"href":"https:\/\/www.mundilibros.cl\/web\/wp-json\/wp\/v2\/media?parent=593"}],"wp:term":[{"taxonomy":"product_brand","embeddable":true,"href":"https:\/\/www.mundilibros.cl\/web\/wp-json\/wp\/v2\/product_brand?post=593"},{"taxonomy":"product_cat","embeddable":true,"href":"https:\/\/www.mundilibros.cl\/web\/wp-json\/wp\/v2\/product_cat?post=593"},{"taxonomy":"product_tag","embeddable":true,"href":"https:\/\/www.mundilibros.cl\/web\/wp-json\/wp\/v2\/product_tag?post=593"}],"curies":[{"name":"wp","href":"https:\/\/api.w.org\/{rel}","templated":true}]}}