{"id":594,"date":"2025-11-14T19:03:55","date_gmt":"2025-11-14T19:03:55","guid":{"rendered":"https:\/\/www.mundilibros.cl\/web\/?post_type=product&#038;p=594"},"modified":"2025-11-14T19:04:12","modified_gmt":"2025-11-14T19:04:12","slug":"revival-espanol","status":"publish","type":"product","link":"https:\/\/www.mundilibros.cl\/web\/producto\/revival-espanol\/","title":{"rendered":"REVIVAL (espa\u00f1ol)"},"content":{"rendered":"<p>Al menos en un sentido nuestras vidas son ciertamente como las pel\u00edculas. El elenco principal se compone de la familia y los amigos. Los actores son los vecinos, los compa\u00f1eros de trabajo, los profesores y los conocidos. Pero a veces entra en nuestra vida una persona que no encaja en ninguna de estas categor\u00edas.<br \/>\nCuando pienso en Charles Jacobs -mi quinto en discordia, mi agente del cambio, mi maldici\u00f3n-, se me hace imposible creer que su presencia en mi vida tuvo que ver con el destino.<br \/>\nOctubre de 1962. En una peque\u00f1a localidad de Nueva Inglaterra la sombra de un hombre se cierne sobre un ni\u00f1o que juega ensimismado con sus soldaditos. Cuando Jamie Morton levanta la vista, ve una figura imponente. Se trata de Charles Jacobs, el nuevo pastor, con quien pronto establecer\u00e1 un estrecho v\u00ednculo basado en su fascinaci\u00f3n por los experimentos con electricidad.<br \/>\nVarias d\u00e9cadas m\u00e1s tarde, Jamie ha ca\u00eddo en las drogas y lleva una vida n\u00f3mada tocando la guitarra para diferentes bandas por bares de todo el pa\u00eds. Entonces vuelve a cruzarse con Jacobs -dedicado ahora al espect\u00e1culo y a crear deslumbrantes \u00abretratos de luz\u00bb-, y este encuentro tendr\u00e1 importantes consecuencias para ambos. Su v\u00ednculo se convertir\u00e1 en un pacto m\u00e1s all\u00e1 incluso del ideado por el Diablo, y Jamie descubrir\u00e1 que \u00abrenacer\u00bb puede tener m\u00e1s de un significado.<br \/>\nEsta inquietante novela, que se extiende a lo largo de cinco d\u00e9cadas, muestra uno de los m\u00e1s terror\u00edficos finales que Stephen King haya escrito jam\u00e1s. Es una obra de arte del maestro de contar historias de nuestro tiempo, en la tradici\u00f3n de Hawthorne, Melville o Poe.<\/p>\n<p>&nbsp;<\/p>\n<p>p\u00e1ginas : 496<\/p>\n","protected":false},"excerpt":{"rendered":"<p>Al menos en un sentido nuestras vidas son ciertamente como las pel\u00edculas. El elenco principal se compone de la familia y los amigos. Los actores son los vecinos, los compa\u00f1eros de trabajo, los profesores y los conocidos.<\/p>\n","protected":false},"featured_media":627,"comment_status":"open","ping_status":"closed","template":"","meta":[],"product_brand":[],"product_cat":[29],"product_tag":[],"class_list":{"0":"post-594","1":"product","2":"type-product","3":"status-publish","4":"has-post-thumbnail","6":"product_cat-suspenso-terror","8":"first","9":"outofstock","10":"sale","11":"taxable","12":"shipping-taxable","13":"purchasable","14":"product-type-simple"},"_links":{"self":[{"href":"https:\/\/www.mundilibros.cl\/web\/wp-json\/wp\/v2\/product\/594","targetHints":{"allow":["GET"]}}],"collection":[{"href":"https:\/\/www.mundilibros.cl\/web\/wp-json\/wp\/v2\/product"}],"about":[{"href":"https:\/\/www.mundilibros.cl\/web\/wp-json\/wp\/v2\/types\/product"}],"replies":[{"embeddable":true,"href":"https:\/\/www.mundilibros.cl\/web\/wp-json\/wp\/v2\/comments?post=594"}],"wp:featuredmedia":[{"embeddable":true,"href":"https:\/\/www.mundilibros.cl\/web\/wp-json\/wp\/v2\/media\/627"}],"wp:attachment":[{"href":"https:\/\/www.mundilibros.cl\/web\/wp-json\/wp\/v2\/media?parent=594"}],"wp:term":[{"taxonomy":"product_brand","embeddable":true,"href":"https:\/\/www.mundilibros.cl\/web\/wp-json\/wp\/v2\/product_brand?post=594"},{"taxonomy":"product_cat","embeddable":true,"href":"https:\/\/www.mundilibros.cl\/web\/wp-json\/wp\/v2\/product_cat?post=594"},{"taxonomy":"product_tag","embeddable":true,"href":"https:\/\/www.mundilibros.cl\/web\/wp-json\/wp\/v2\/product_tag?post=594"}],"curies":[{"name":"wp","href":"https:\/\/api.w.org\/{rel}","templated":true}]}}