{"id":595,"date":"2025-11-14T19:03:55","date_gmt":"2025-11-14T19:03:55","guid":{"rendered":"https:\/\/www.mundilibros.cl\/web\/?post_type=product&#038;p=595"},"modified":"2025-11-14T19:04:13","modified_gmt":"2025-11-14T19:04:13","slug":"doctor-sueno-bolsillo","status":"publish","type":"product","link":"https:\/\/www.mundilibros.cl\/web\/producto\/doctor-sueno-bolsillo\/","title":{"rendered":"DOCTOR SUE\u00d1O BOLSILLO"},"content":{"rendered":"<p>Ahora Danny Torrance, aquel ni\u00f1o aterrorizado del Hotel Overlook, es un adulto alcoh\u00f3lico y sin residencia fija que vive atormentado por sus visiones y por los fantasmas de su infancia, que ha aprendido a controlar pero no a eliminar de su mente. Un d\u00eda se siente atra\u00eddo por una ciudad de New Hampshire, de donde le llega la visi\u00f3n de Abra Stone, una ni\u00f1a que necesita su ayuda. La persigue una tribu de seres paranormales que vive del resplandor de los ni\u00f1os especiales, y precisamente el de Abra tiene mucha fuerza# Danny sabe que sin su ayuda nunca conseguir\u00e1 escapar. Juntos emprenden una lucha \u00e9pica, una batalla sangrienta entre el Bien y el Mal.<\/p>\n<p>Una novela que entusiasmar\u00e1 a los millones de lectores de El resplandor y que encantar\u00e1 a todos los que conozcan a Danny Torrance por primera vez.<\/p>\n<p>&nbsp;<\/p>\n<p>N\u00ba de p\u00e1ginas: 608 p\u00e1gs.<br \/>\nEncuadernaci\u00f3n: Tapa blanda<br \/>\nEditorial: DeBolsillo<\/p>\n","protected":false},"excerpt":{"rendered":"<p>Ahora Danny Torrance, aquel ni\u00f1o aterrorizado del Hotel Overlook, es un adulto alcoh\u00f3lico y sin residencia fija que vive atormentado por sus visiones y por los<span class=\"excerpt-hellip\"> [\u2026]<\/span><\/p>\n","protected":false},"featured_media":628,"comment_status":"open","ping_status":"closed","template":"","meta":[],"product_brand":[],"product_cat":[29],"product_tag":[],"class_list":{"0":"post-595","1":"product","2":"type-product","3":"status-publish","4":"has-post-thumbnail","6":"product_cat-suspenso-terror","8":"first","9":"outofstock","10":"sale","11":"taxable","12":"shipping-taxable","13":"purchasable","14":"product-type-simple"},"_links":{"self":[{"href":"https:\/\/www.mundilibros.cl\/web\/wp-json\/wp\/v2\/product\/595","targetHints":{"allow":["GET"]}}],"collection":[{"href":"https:\/\/www.mundilibros.cl\/web\/wp-json\/wp\/v2\/product"}],"about":[{"href":"https:\/\/www.mundilibros.cl\/web\/wp-json\/wp\/v2\/types\/product"}],"replies":[{"embeddable":true,"href":"https:\/\/www.mundilibros.cl\/web\/wp-json\/wp\/v2\/comments?post=595"}],"wp:featuredmedia":[{"embeddable":true,"href":"https:\/\/www.mundilibros.cl\/web\/wp-json\/wp\/v2\/media\/628"}],"wp:attachment":[{"href":"https:\/\/www.mundilibros.cl\/web\/wp-json\/wp\/v2\/media?parent=595"}],"wp:term":[{"taxonomy":"product_brand","embeddable":true,"href":"https:\/\/www.mundilibros.cl\/web\/wp-json\/wp\/v2\/product_brand?post=595"},{"taxonomy":"product_cat","embeddable":true,"href":"https:\/\/www.mundilibros.cl\/web\/wp-json\/wp\/v2\/product_cat?post=595"},{"taxonomy":"product_tag","embeddable":true,"href":"https:\/\/www.mundilibros.cl\/web\/wp-json\/wp\/v2\/product_tag?post=595"}],"curies":[{"name":"wp","href":"https:\/\/api.w.org\/{rel}","templated":true}]}}