{"id":596,"date":"2025-11-14T19:03:55","date_gmt":"2025-11-14T19:03:55","guid":{"rendered":"https:\/\/www.mundilibros.cl\/web\/?post_type=product&#038;p=596"},"modified":"2025-11-14T19:04:13","modified_gmt":"2025-11-14T19:04:13","slug":"buick-8-un-coche-perverso","status":"publish","type":"product","link":"https:\/\/www.mundilibros.cl\/web\/producto\/buick-8-un-coche-perverso\/","title":{"rendered":"BUICK 8 UN COCHE PERVERSO"},"content":{"rendered":"<p>Stephen King, el mundialmente aclamado novelista de terror y misterio, volver\u00e1 a helarnos la sangre al convertir un autom\u00f3vil en protagonista de esta escalofriante historia. Un autom\u00f3vil imposible, sin cuadro de mandos, sin matr\u00edcula, y que sin embargo goza de vida propia, yace abandonado en las cocheras de la polic\u00eda de la ciudad. El joven Ned se siente irresistiblemente atra\u00eddo por este artefacto capaz de expeler sustancias org\u00e1nicas repugnantes a trav\u00e9s del maletero, de desencadenar tormentas e interferir en los aparatos el\u00e9ctricos, de volverse transpatente por completo&#8230;Conforme avance el relato iremos compartiendo con Ned su obsesi\u00f3n por los enigmas que encierra el Buick, al tiempo que nos introducimos en la vida cotidiana del resto de personajes, descritos por king con magistral realismo. &#8211;Este texto se refiere a una edici\u00f3n agotada o no disponible de este t\u00edtulo.<\/p>\n<p>Tapa blanda: 384 p\u00e1ginas<br \/>\nEditor: Debolsillo (1 de octubre de 2004)<\/p>\n","protected":false},"excerpt":{"rendered":"<p>Stephen King, el mundialmente aclamado novelista de terror y misterio, volver\u00e1 a helarnos la sangre al convertir un autom\u00f3vil en protagonista de esta escalofriante historia. Un<span class=\"excerpt-hellip\"> [\u2026]<\/span><\/p>\n","protected":false},"featured_media":629,"comment_status":"open","ping_status":"closed","template":"","meta":[],"product_brand":[],"product_cat":[29],"product_tag":[],"class_list":{"0":"post-596","1":"product","2":"type-product","3":"status-publish","4":"has-post-thumbnail","6":"product_cat-suspenso-terror","8":"first","9":"outofstock","10":"taxable","11":"shipping-taxable","12":"purchasable","13":"product-type-simple"},"_links":{"self":[{"href":"https:\/\/www.mundilibros.cl\/web\/wp-json\/wp\/v2\/product\/596","targetHints":{"allow":["GET"]}}],"collection":[{"href":"https:\/\/www.mundilibros.cl\/web\/wp-json\/wp\/v2\/product"}],"about":[{"href":"https:\/\/www.mundilibros.cl\/web\/wp-json\/wp\/v2\/types\/product"}],"replies":[{"embeddable":true,"href":"https:\/\/www.mundilibros.cl\/web\/wp-json\/wp\/v2\/comments?post=596"}],"wp:featuredmedia":[{"embeddable":true,"href":"https:\/\/www.mundilibros.cl\/web\/wp-json\/wp\/v2\/media\/629"}],"wp:attachment":[{"href":"https:\/\/www.mundilibros.cl\/web\/wp-json\/wp\/v2\/media?parent=596"}],"wp:term":[{"taxonomy":"product_brand","embeddable":true,"href":"https:\/\/www.mundilibros.cl\/web\/wp-json\/wp\/v2\/product_brand?post=596"},{"taxonomy":"product_cat","embeddable":true,"href":"https:\/\/www.mundilibros.cl\/web\/wp-json\/wp\/v2\/product_cat?post=596"},{"taxonomy":"product_tag","embeddable":true,"href":"https:\/\/www.mundilibros.cl\/web\/wp-json\/wp\/v2\/product_tag?post=596"}],"curies":[{"name":"wp","href":"https:\/\/api.w.org\/{rel}","templated":true}]}}