{"id":597,"date":"2025-11-14T19:03:55","date_gmt":"2025-11-14T19:03:55","guid":{"rendered":"https:\/\/www.mundilibros.cl\/web\/?post_type=product&#038;p=597"},"modified":"2025-11-14T19:04:13","modified_gmt":"2025-11-14T19:04:13","slug":"christine","status":"publish","type":"product","link":"https:\/\/www.mundilibros.cl\/web\/producto\/christine\/","title":{"rendered":"CHRISTINE"},"content":{"rendered":"<p>El oscuro protagonista de esta novela es un autom\u00f3vil marca Plymouth de 1958 llamado Christine, un superviviente de un tiempo en que la gasolina era barata y el rock and roll marcaba el ritmo de la \u00e9poca. Arnie Cunningham est\u00e1 dispuesto a conseguirlo a cualquier precio. Y lo consigue. Pero mientras trabaja en la ardua tarea de restaurarlo, el coche da muestras de una terrible vida propia. \u00bfo es solo imaginaci\u00f3n? Dennis sigue crey\u00e9ndolo as\u00ed, pero la gente muere en las oscuras calles y avenidas de Libertyville. Y llega un momento en que Dennis ya no puede negar la aterradora verdad: Christine est\u00e1 viva\u2026<\/p>\n<p>\u00abTerror\u00edfico\u2026 King es un impresionante narrador de historias.\u00bb<br \/>\nSan Francisco Chronicle<\/p>\n<p>\u00abDeja sin aliento, es imponente. Llega a niveles de tensi\u00f3n tales que el lector debe forzarse a bajar el ritmo.\u00bb<br \/>\nNew York Times Book Review<\/p>\n<p>Christine<br \/>\nKING STEPHEN (DEBOLSILLO)<br \/>\n(17\/02\/2003).<br \/>\np\u00e1ginas : 592<\/p>\n<p>&nbsp;<\/p>\n","protected":false},"excerpt":{"rendered":"<p>El oscuro protagonista de esta novela es un autom\u00f3vil marca Plymouth de 1958 llamado Christine, un superviviente de un tiempo en que la gasolina era barata<span class=\"excerpt-hellip\"> [\u2026]<\/span><\/p>\n","protected":false},"featured_media":630,"comment_status":"open","ping_status":"closed","template":"","meta":[],"product_brand":[],"product_cat":[29],"product_tag":[],"class_list":{"0":"post-597","1":"product","2":"type-product","3":"status-publish","4":"has-post-thumbnail","6":"product_cat-suspenso-terror","8":"first","9":"outofstock","10":"taxable","11":"shipping-taxable","12":"purchasable","13":"product-type-simple"},"_links":{"self":[{"href":"https:\/\/www.mundilibros.cl\/web\/wp-json\/wp\/v2\/product\/597","targetHints":{"allow":["GET"]}}],"collection":[{"href":"https:\/\/www.mundilibros.cl\/web\/wp-json\/wp\/v2\/product"}],"about":[{"href":"https:\/\/www.mundilibros.cl\/web\/wp-json\/wp\/v2\/types\/product"}],"replies":[{"embeddable":true,"href":"https:\/\/www.mundilibros.cl\/web\/wp-json\/wp\/v2\/comments?post=597"}],"wp:featuredmedia":[{"embeddable":true,"href":"https:\/\/www.mundilibros.cl\/web\/wp-json\/wp\/v2\/media\/630"}],"wp:attachment":[{"href":"https:\/\/www.mundilibros.cl\/web\/wp-json\/wp\/v2\/media?parent=597"}],"wp:term":[{"taxonomy":"product_brand","embeddable":true,"href":"https:\/\/www.mundilibros.cl\/web\/wp-json\/wp\/v2\/product_brand?post=597"},{"taxonomy":"product_cat","embeddable":true,"href":"https:\/\/www.mundilibros.cl\/web\/wp-json\/wp\/v2\/product_cat?post=597"},{"taxonomy":"product_tag","embeddable":true,"href":"https:\/\/www.mundilibros.cl\/web\/wp-json\/wp\/v2\/product_tag?post=597"}],"curies":[{"name":"wp","href":"https:\/\/api.w.org\/{rel}","templated":true}]}}