{"id":598,"date":"2025-11-14T19:03:55","date_gmt":"2025-11-14T19:03:55","guid":{"rendered":"https:\/\/www.mundilibros.cl\/web\/?post_type=product&#038;p=598"},"modified":"2025-11-14T19:04:15","modified_gmt":"2025-11-14T19:04:15","slug":"un-saco-de-huesos-pack-2-tomos","status":"publish","type":"product","link":"https:\/\/www.mundilibros.cl\/web\/producto\/un-saco-de-huesos-pack-2-tomos\/","title":{"rendered":"UN SACO DE HUESOS PACK 2 TOMOS"},"content":{"rendered":"<p>Cuatro a\u00f1os despu\u00e9s de la repentina muerte de su esposa Jo, el novelista Mike Noonan sigue presa de una terrible depresi\u00f3n y espantosas pesadillas.<br \/>\nBusca refugio en su casa de veraneo, pero en ese lugar un hombre poderoso no tiene escr\u00fapulos en manipular a la comunidad para conseguir sus siniestros prop\u00f3sitos. Mike se involucra en el enfrentamiento y se ve atrapado en el misterio de la casa, ahora escenario de visitas fantasmales y obsesiones cada vez m\u00e1s abominables\u2026<br \/>\n\u00abUn Saco de Huesos\u00bb es la novela m\u00e1s emocionante e inolvidable de Stephen King: una historia sobre el sufrimiento y el v\u00ednculo eterno de un hombre con un amor malogrado, sobre un nuevo amor amenazado por secretos del pasado y una inocente ni\u00f1a atrapada en el fuego cruzado de fuerzas naturales y sobrenaturales.<\/p>\n","protected":false},"excerpt":{"rendered":"<p>Cuatro a\u00f1os despu\u00e9s de la repentina muerte de su esposa Jo, el novelista Mike Noonan sigue presa de una terrible depresi\u00f3n y espantosas pesadillas. Busca refugio<span class=\"excerpt-hellip\"> [\u2026]<\/span><\/p>\n","protected":false},"featured_media":631,"comment_status":"open","ping_status":"closed","template":"","meta":[],"product_brand":[],"product_cat":[29],"product_tag":[],"class_list":{"0":"post-598","1":"product","2":"type-product","3":"status-publish","4":"has-post-thumbnail","6":"product_cat-suspenso-terror","8":"first","9":"outofstock","10":"taxable","11":"shipping-taxable","12":"purchasable","13":"product-type-simple"},"_links":{"self":[{"href":"https:\/\/www.mundilibros.cl\/web\/wp-json\/wp\/v2\/product\/598","targetHints":{"allow":["GET"]}}],"collection":[{"href":"https:\/\/www.mundilibros.cl\/web\/wp-json\/wp\/v2\/product"}],"about":[{"href":"https:\/\/www.mundilibros.cl\/web\/wp-json\/wp\/v2\/types\/product"}],"replies":[{"embeddable":true,"href":"https:\/\/www.mundilibros.cl\/web\/wp-json\/wp\/v2\/comments?post=598"}],"wp:featuredmedia":[{"embeddable":true,"href":"https:\/\/www.mundilibros.cl\/web\/wp-json\/wp\/v2\/media\/631"}],"wp:attachment":[{"href":"https:\/\/www.mundilibros.cl\/web\/wp-json\/wp\/v2\/media?parent=598"}],"wp:term":[{"taxonomy":"product_brand","embeddable":true,"href":"https:\/\/www.mundilibros.cl\/web\/wp-json\/wp\/v2\/product_brand?post=598"},{"taxonomy":"product_cat","embeddable":true,"href":"https:\/\/www.mundilibros.cl\/web\/wp-json\/wp\/v2\/product_cat?post=598"},{"taxonomy":"product_tag","embeddable":true,"href":"https:\/\/www.mundilibros.cl\/web\/wp-json\/wp\/v2\/product_tag?post=598"}],"curies":[{"name":"wp","href":"https:\/\/api.w.org\/{rel}","templated":true}]}}