{"id":632,"date":"2025-11-14T19:04:16","date_gmt":"2025-11-14T19:04:16","guid":{"rendered":"https:\/\/www.mundilibros.cl\/web\/?post_type=product&#038;p=632"},"modified":"2025-11-14T19:04:18","modified_gmt":"2025-11-14T19:04:18","slug":"mac-el-microbio-desconocido","status":"publish","type":"product","link":"https:\/\/www.mundilibros.cl\/web\/producto\/mac-el-microbio-desconocido\/","title":{"rendered":"MAC EL MICROBIO DESCONOCIDO"},"content":{"rendered":"<p>Mac, es el microbio de una desconocida peste que entra en el organismo de una ni\u00f1a enferm\u00e1ndola. Los m\u00e9dicos hacen lo posible por sanarla, por lo que dentro del cuerpo de la ni\u00f1a empieza una pelea entre la medicina humana y las legiones de Mac.<\/p>\n<p>Mac, el microbio desconocido<br \/>\nAutor: Hern\u00e1n del Solar, chileno. Premio Nacional de Literatura 1968<br \/>\nIlustraciones: Emilio Martin, chileno<br \/>\nP\u00e1gs: 103<br \/>\nFormato: 13 x 18,5 cm<br \/>\nTapa blanda<\/p>\n","protected":false},"excerpt":{"rendered":"<p>Mac, es el microbio de una desconocida peste que entra en el organismo de una ni\u00f1a enferm\u00e1ndola. Los m\u00e9dicos hacen lo posible por sanarla, por lo<span class=\"excerpt-hellip\"> [\u2026]<\/span><\/p>\n","protected":false},"featured_media":662,"comment_status":"open","ping_status":"closed","template":"","meta":[],"product_brand":[],"product_cat":[33],"product_tag":[],"class_list":{"0":"post-632","1":"product","2":"type-product","3":"status-publish","4":"has-post-thumbnail","6":"product_cat-literatura-escolar","8":"first","9":"instock","10":"sale","11":"taxable","12":"shipping-taxable","13":"purchasable","14":"product-type-simple"},"_links":{"self":[{"href":"https:\/\/www.mundilibros.cl\/web\/wp-json\/wp\/v2\/product\/632","targetHints":{"allow":["GET"]}}],"collection":[{"href":"https:\/\/www.mundilibros.cl\/web\/wp-json\/wp\/v2\/product"}],"about":[{"href":"https:\/\/www.mundilibros.cl\/web\/wp-json\/wp\/v2\/types\/product"}],"replies":[{"embeddable":true,"href":"https:\/\/www.mundilibros.cl\/web\/wp-json\/wp\/v2\/comments?post=632"}],"wp:featuredmedia":[{"embeddable":true,"href":"https:\/\/www.mundilibros.cl\/web\/wp-json\/wp\/v2\/media\/662"}],"wp:attachment":[{"href":"https:\/\/www.mundilibros.cl\/web\/wp-json\/wp\/v2\/media?parent=632"}],"wp:term":[{"taxonomy":"product_brand","embeddable":true,"href":"https:\/\/www.mundilibros.cl\/web\/wp-json\/wp\/v2\/product_brand?post=632"},{"taxonomy":"product_cat","embeddable":true,"href":"https:\/\/www.mundilibros.cl\/web\/wp-json\/wp\/v2\/product_cat?post=632"},{"taxonomy":"product_tag","embeddable":true,"href":"https:\/\/www.mundilibros.cl\/web\/wp-json\/wp\/v2\/product_tag?post=632"}],"curies":[{"name":"wp","href":"https:\/\/api.w.org\/{rel}","templated":true}]}}