{"id":635,"date":"2025-11-14T19:04:16","date_gmt":"2025-11-14T19:04:16","guid":{"rendered":"https:\/\/www.mundilibros.cl\/web\/?post_type=product&#038;p=635"},"modified":"2025-11-14T19:04:43","modified_gmt":"2025-11-14T19:04:43","slug":"hijos-con-autoestima-positiva-guia-para-padres","status":"publish","type":"product","link":"https:\/\/www.mundilibros.cl\/web\/producto\/hijos-con-autoestima-positiva-guia-para-padres\/","title":{"rendered":"HIJOS CON AUTOESTIMA POSITIVA &#8211; Gu\u00eda Para Padres"},"content":{"rendered":"<p>\u00e9ste es un libro donde el lector encontrar\u00e1 conceptos claves para entender c\u00f3mo favorecer el desarrollo de la autoestima infantil y ejercicios para realizar con los ni\u00f1os que le ayudar\u00e1n a transferir estos conceptos a la pr\u00e1ctica. est\u00e1 enfocado a padres y maestros para ayudarles a entender la importancia de fortalecer la autoestima de los ni\u00f1os desde una temprana edad. es un libro que nace de las vivencias pedag\u00f3gicas y psicol\u00f3gicas de las autoras durante varios a\u00f1os de su trabajo con ni\u00f1os.<\/p>\n<p>p\u00e1ginas: 328<br \/>\ntapa blanca<br \/>\nmedidas : 15 x 23 cm<\/p>\n","protected":false},"excerpt":{"rendered":"<p>\u00e9ste es un libro donde el lector encontrar\u00e1 conceptos claves para entender c\u00f3mo favorecer el desarrollo de la autoestima infantil y ejercicios para realizar con los<span class=\"excerpt-hellip\"> [\u2026]<\/span><\/p>\n","protected":false},"featured_media":670,"comment_status":"closed","ping_status":"closed","template":"","meta":[],"product_brand":[],"product_cat":[89],"product_tag":[],"class_list":{"0":"post-635","1":"product","2":"type-product","3":"status-publish","4":"has-post-thumbnail","6":"product_cat-ofertas","8":"first","9":"instock","10":"sale","11":"taxable","12":"shipping-taxable","13":"purchasable","14":"product-type-simple"},"_links":{"self":[{"href":"https:\/\/www.mundilibros.cl\/web\/wp-json\/wp\/v2\/product\/635","targetHints":{"allow":["GET"]}}],"collection":[{"href":"https:\/\/www.mundilibros.cl\/web\/wp-json\/wp\/v2\/product"}],"about":[{"href":"https:\/\/www.mundilibros.cl\/web\/wp-json\/wp\/v2\/types\/product"}],"replies":[{"embeddable":true,"href":"https:\/\/www.mundilibros.cl\/web\/wp-json\/wp\/v2\/comments?post=635"}],"wp:featuredmedia":[{"embeddable":true,"href":"https:\/\/www.mundilibros.cl\/web\/wp-json\/wp\/v2\/media\/670"}],"wp:attachment":[{"href":"https:\/\/www.mundilibros.cl\/web\/wp-json\/wp\/v2\/media?parent=635"}],"wp:term":[{"taxonomy":"product_brand","embeddable":true,"href":"https:\/\/www.mundilibros.cl\/web\/wp-json\/wp\/v2\/product_brand?post=635"},{"taxonomy":"product_cat","embeddable":true,"href":"https:\/\/www.mundilibros.cl\/web\/wp-json\/wp\/v2\/product_cat?post=635"},{"taxonomy":"product_tag","embeddable":true,"href":"https:\/\/www.mundilibros.cl\/web\/wp-json\/wp\/v2\/product_tag?post=635"}],"curies":[{"name":"wp","href":"https:\/\/api.w.org\/{rel}","templated":true}]}}