{"id":636,"date":"2025-11-14T19:04:16","date_gmt":"2025-11-14T19:04:16","guid":{"rendered":"https:\/\/www.mundilibros.cl\/web\/?post_type=product&#038;p=636"},"modified":"2025-11-14T19:04:48","modified_gmt":"2025-11-14T19:04:48","slug":"el-libro-de-los-porques-tapa-dura","status":"publish","type":"product","link":"https:\/\/www.mundilibros.cl\/web\/producto\/el-libro-de-los-porques-tapa-dura\/","title":{"rendered":"EL LIBRO DE LOS PORQU\u00c9S TAPA DURA"},"content":{"rendered":"<p>Todo lo que nos rodea puede resultar sorprendente si lo miramos con los ojos curiosos de un ni\u00f1o. \u00bfPor qu\u00e9 el cielo es azul? \u00bfPor qu\u00e9 tienen pelo las pelotas de tenis? \u00bfPor qu\u00e9 hay d\u00eda y noche? \u00bfPor qu\u00e9 los teclados de escribir no est\u00e1n en orden alfab\u00e9tico? \u00bfPor qu\u00e9 lava el jab\u00f3n? \u00bfPor qu\u00e9 pegan los pegamentos? \u00bfPor qu\u00e9 abriga la ropa?<br \/>\nEn este fascinante libro se re\u00fanen cientos de respuestas a las preguntas m\u00e1s frecuentes que nos planteamos sobre nuestro planeta y sus habitantes, animales, vegetales y minerales.<\/p>\n<p>&nbsp;<\/p>\n","protected":false},"excerpt":{"rendered":"<p>Todo lo que nos rodea puede resultar sorprendente si lo miramos con los ojos curiosos de un ni\u00f1o. \u00bfPor qu\u00e9 el cielo es azul? \u00bfPor qu\u00e9<span class=\"excerpt-hellip\"> [\u2026]<\/span><\/p>\n","protected":false},"featured_media":676,"comment_status":"closed","ping_status":"closed","template":"","meta":[],"product_brand":[],"product_cat":[64],"product_tag":[],"class_list":{"0":"post-636","1":"product","2":"type-product","3":"status-publish","4":"has-post-thumbnail","6":"product_cat-libros-infantiles","8":"first","9":"outofstock","10":"taxable","11":"shipping-taxable","12":"purchasable","13":"product-type-simple"},"_links":{"self":[{"href":"https:\/\/www.mundilibros.cl\/web\/wp-json\/wp\/v2\/product\/636","targetHints":{"allow":["GET"]}}],"collection":[{"href":"https:\/\/www.mundilibros.cl\/web\/wp-json\/wp\/v2\/product"}],"about":[{"href":"https:\/\/www.mundilibros.cl\/web\/wp-json\/wp\/v2\/types\/product"}],"replies":[{"embeddable":true,"href":"https:\/\/www.mundilibros.cl\/web\/wp-json\/wp\/v2\/comments?post=636"}],"wp:featuredmedia":[{"embeddable":true,"href":"https:\/\/www.mundilibros.cl\/web\/wp-json\/wp\/v2\/media\/676"}],"wp:attachment":[{"href":"https:\/\/www.mundilibros.cl\/web\/wp-json\/wp\/v2\/media?parent=636"}],"wp:term":[{"taxonomy":"product_brand","embeddable":true,"href":"https:\/\/www.mundilibros.cl\/web\/wp-json\/wp\/v2\/product_brand?post=636"},{"taxonomy":"product_cat","embeddable":true,"href":"https:\/\/www.mundilibros.cl\/web\/wp-json\/wp\/v2\/product_cat?post=636"},{"taxonomy":"product_tag","embeddable":true,"href":"https:\/\/www.mundilibros.cl\/web\/wp-json\/wp\/v2\/product_tag?post=636"}],"curies":[{"name":"wp","href":"https:\/\/api.w.org\/{rel}","templated":true}]}}