{"id":640,"date":"2025-11-14T19:04:16","date_gmt":"2025-11-14T19:04:16","guid":{"rendered":"https:\/\/www.mundilibros.cl\/web\/?post_type=product&#038;p=640"},"modified":"2025-11-14T19:05:12","modified_gmt":"2025-11-14T19:05:12","slug":"el-silencio-de-los-malditos","status":"publish","type":"product","link":"https:\/\/www.mundilibros.cl\/web\/producto\/el-silencio-de-los-malditos\/","title":{"rendered":"EL SILENCIO DE LOS MALDITOS"},"content":{"rendered":"<p align=\"JUSTIFY\">Un periodista consigue acceder a un peligroso delincuente al que nadie ha podido entrevistar. En una peque\u00f1a habitaci\u00f3n dentro de la c\u00e1rcel, se inicia un relato que, m\u00e1s que una confesi\u00f3n, es un viaje sin retorno a los inescrutables dominios de una mente criminal. Es la historia de un hombre que ha cometido un horrendo asesinato sin justificaci\u00f3n alguna, pero que devela una vida de privaciones, dolor y venganza.<\/p>\n<p align=\"JUSTIFY\">Una impactante primera novela de quien Alberto Fuguet ha dicho: \u00abSu nombre es un g\u00e9nero. Carlos Pinto es nuestro Hitchcock\u00bb .Ahora traslada esa maestr\u00eda al plano literario para descender a los infiernos de la condici\u00f3n humana.<\/p>\n<div class=\"col-md-6\">\n<h6>T\u00edtulo:\u00a0El silencio de los malditos<\/h6>\n<h6>Autor : Carlos Pinto<\/h6>\n<h6>Fecha publicaci\u00f3n:\u00a005\/2018<\/h6>\n<h6>Formato Tapa blanda<\/h6>\n<h6>p\u00e1ginas:\u00a0 380<\/h6>\n<h6>Medidas:\u00a015 X 23 cm<\/h6>\n<\/div>\n<div class=\"col-md-6\"><\/div>\n","protected":false},"excerpt":{"rendered":"<p>Un periodista consigue acceder a un peligroso delincuente al que nadie ha podido entrevistar. En una peque\u00f1a habitaci\u00f3n dentro de la c\u00e1rcel, se inicia un relato<span class=\"excerpt-hellip\"> [\u2026]<\/span><\/p>\n","protected":false},"featured_media":690,"comment_status":"closed","ping_status":"closed","template":"","meta":[],"product_brand":[],"product_cat":[85,25],"product_tag":[],"class_list":{"0":"post-640","1":"product","2":"type-product","3":"status-publish","4":"has-post-thumbnail","6":"product_cat-novela-policial","7":"product_cat-novelas","9":"first","10":"outofstock","11":"sale","12":"taxable","13":"shipping-taxable","14":"purchasable","15":"product-type-simple"},"_links":{"self":[{"href":"https:\/\/www.mundilibros.cl\/web\/wp-json\/wp\/v2\/product\/640","targetHints":{"allow":["GET"]}}],"collection":[{"href":"https:\/\/www.mundilibros.cl\/web\/wp-json\/wp\/v2\/product"}],"about":[{"href":"https:\/\/www.mundilibros.cl\/web\/wp-json\/wp\/v2\/types\/product"}],"replies":[{"embeddable":true,"href":"https:\/\/www.mundilibros.cl\/web\/wp-json\/wp\/v2\/comments?post=640"}],"wp:featuredmedia":[{"embeddable":true,"href":"https:\/\/www.mundilibros.cl\/web\/wp-json\/wp\/v2\/media\/690"}],"wp:attachment":[{"href":"https:\/\/www.mundilibros.cl\/web\/wp-json\/wp\/v2\/media?parent=640"}],"wp:term":[{"taxonomy":"product_brand","embeddable":true,"href":"https:\/\/www.mundilibros.cl\/web\/wp-json\/wp\/v2\/product_brand?post=640"},{"taxonomy":"product_cat","embeddable":true,"href":"https:\/\/www.mundilibros.cl\/web\/wp-json\/wp\/v2\/product_cat?post=640"},{"taxonomy":"product_tag","embeddable":true,"href":"https:\/\/www.mundilibros.cl\/web\/wp-json\/wp\/v2\/product_tag?post=640"}],"curies":[{"name":"wp","href":"https:\/\/api.w.org\/{rel}","templated":true}]}}