{"id":645,"date":"2025-11-14T19:04:17","date_gmt":"2025-11-14T19:04:17","guid":{"rendered":"https:\/\/www.mundilibros.cl\/web\/?post_type=product&#038;p=645"},"modified":"2025-11-14T19:05:35","modified_gmt":"2025-11-14T19:05:35","slug":"grey-cincuenta-sombras","status":"publish","type":"product","link":"https:\/\/www.mundilibros.cl\/web\/producto\/grey-cincuenta-sombras\/","title":{"rendered":"GREY \/ CINCUENTA SOMBRAS"},"content":{"rendered":"<p>E.L. James nos ofrece una nueva perspectiva de la historia de amor que ya ha seducido a millones de lectores en todo el mundo, contada ahora en primera persona por Christian Grey.<\/p>\n<p>Christian necesita tenerlo todo bajo control. Su mundo es puro orden y disciplina aunque, en el fondo, est\u00e1 vac\u00edo&#8230; hasta el d\u00eda en que Anastasia Steele aterriza de bruces en su despacho, hecha una mara\u00f1a de largo pelo casta\u00f1o y esbeltas piernas.<\/p>\n<p>\u00c9l intenta olvidarla pero, muy al contrario, se ve inmerso en una tormenta de emociones que no consigue controlar y a la que no puede resistirse. A diferencia de todas las mujeres que ha conocido, la t\u00edmida e inexperta Ana parece capaz de ver m\u00e1s all\u00e1 del exitoso empresario y la lujosa vida que le rodea, y descubrir el coraz\u00f3n fr\u00edo y lastimado de Christian.<\/p>\n<p>\u00bfLograr\u00e1 su relaci\u00f3n con Ana disipar las pesadillas que le acechan todas las noches? \u00bfO ser\u00e1n sus oscuros impulsos sexuales, su obsesi\u00f3n por el control y el desprecio hacia s\u00ed mismo los que alejar\u00e1n a la joven y destruir\u00e1n la fr\u00e1gil esperanza que ella le ofrece?<\/p>\n<p>P\u00e1ginas: 648.<br \/>\nmedidas : 15 x 23 cms<\/p>\n","protected":false},"excerpt":{"rendered":"<p>E.L. James nos ofrece una nueva perspectiva de la historia de amor que ya ha seducido a millones de lectores en todo el mundo, contada ahora<span class=\"excerpt-hellip\"> [\u2026]<\/span><\/p>\n","protected":false},"featured_media":704,"comment_status":"closed","ping_status":"closed","template":"","meta":[],"product_brand":[],"product_cat":[89],"product_tag":[],"class_list":{"0":"post-645","1":"product","2":"type-product","3":"status-publish","4":"has-post-thumbnail","6":"product_cat-ofertas","8":"first","9":"instock","10":"sale","11":"taxable","12":"shipping-taxable","13":"purchasable","14":"product-type-simple"},"_links":{"self":[{"href":"https:\/\/www.mundilibros.cl\/web\/wp-json\/wp\/v2\/product\/645","targetHints":{"allow":["GET"]}}],"collection":[{"href":"https:\/\/www.mundilibros.cl\/web\/wp-json\/wp\/v2\/product"}],"about":[{"href":"https:\/\/www.mundilibros.cl\/web\/wp-json\/wp\/v2\/types\/product"}],"replies":[{"embeddable":true,"href":"https:\/\/www.mundilibros.cl\/web\/wp-json\/wp\/v2\/comments?post=645"}],"wp:featuredmedia":[{"embeddable":true,"href":"https:\/\/www.mundilibros.cl\/web\/wp-json\/wp\/v2\/media\/704"}],"wp:attachment":[{"href":"https:\/\/www.mundilibros.cl\/web\/wp-json\/wp\/v2\/media?parent=645"}],"wp:term":[{"taxonomy":"product_brand","embeddable":true,"href":"https:\/\/www.mundilibros.cl\/web\/wp-json\/wp\/v2\/product_brand?post=645"},{"taxonomy":"product_cat","embeddable":true,"href":"https:\/\/www.mundilibros.cl\/web\/wp-json\/wp\/v2\/product_cat?post=645"},{"taxonomy":"product_tag","embeddable":true,"href":"https:\/\/www.mundilibros.cl\/web\/wp-json\/wp\/v2\/product_tag?post=645"}],"curies":[{"name":"wp","href":"https:\/\/api.w.org\/{rel}","templated":true}]}}