{"id":646,"date":"2025-11-14T19:04:17","date_gmt":"2025-11-14T19:04:17","guid":{"rendered":"https:\/\/www.mundilibros.cl\/web\/?post_type=product&#038;p=646"},"modified":"2025-11-14T19:05:35","modified_gmt":"2025-11-14T19:05:35","slug":"uno-mas-uno","status":"publish","type":"product","link":"https:\/\/www.mundilibros.cl\/web\/producto\/uno-mas-uno\/","title":{"rendered":"UNO MAS UNO"},"content":{"rendered":"<p>Una madre soltera<\/p>\n<p>Con dos trabajos y dos hijos, Jess Thomas hace lo que puede para sobrevivir d\u00eda tras d\u00eda. Pero no es f\u00e1cil lograrlo sola. Y a veces eso te obliga a correr riesgos que no deber\u00edas&#8230; porque no tienes m\u00e1s remedio.<\/p>\n<p>Una familia ca\u00f3tica<\/p>\n<p>Su peculiar y superdotada hija Tanzie es extraordinaria con los n\u00fameros, pero sin ayuda nunca lograr\u00e1 una oportunidad para demostrarlo. Y Nicky, su hijastro adolescente, no puede enfrentarse solo a los abusos que sufre en el colegio. A veces Jess siente que se hunden&#8230;<\/p>\n<p>Un atractivo desconocido<\/p>\n<p>A sus vidas llega Ed Nicholls, un hombre cuyo presente es un absoluto caos, y que trata de escapar de un futuro totalmente incierto. Pero Ed tiene todo el tiempo del mundo. Sabe lo que es estar solo. Y quiere ayudar.<\/p>\n<p>Una irresistible historia de amor<\/p>\n<p>Uno m\u00e1s uno es una novela rom\u00e1ntica, cautivadora y nada convencional sobre dos almas perdidas que se encuentran en las m\u00e1s extra\u00f1as circunstancias.<\/p>\n<p>&nbsp;<\/p>\n<p>medidas 15 x 23 cm<\/p>\n<p>paginas : 440<\/p>\n","protected":false},"excerpt":{"rendered":"<p>Una irresistible historia de amor.\u00a0 Uno m\u00e1s uno es una novela rom\u00e1ntica, cautivadora y nada convencional sobre dos almas perdidas que se encuentran en las m\u00e1s extra\u00f1as circunstancias.<\/p>\n","protected":false},"featured_media":705,"comment_status":"closed","ping_status":"closed","template":"","meta":[],"product_brand":[],"product_cat":[89],"product_tag":[],"class_list":{"0":"post-646","1":"product","2":"type-product","3":"status-publish","4":"has-post-thumbnail","6":"product_cat-ofertas","8":"first","9":"instock","10":"sale","11":"taxable","12":"shipping-taxable","13":"purchasable","14":"product-type-simple"},"_links":{"self":[{"href":"https:\/\/www.mundilibros.cl\/web\/wp-json\/wp\/v2\/product\/646","targetHints":{"allow":["GET"]}}],"collection":[{"href":"https:\/\/www.mundilibros.cl\/web\/wp-json\/wp\/v2\/product"}],"about":[{"href":"https:\/\/www.mundilibros.cl\/web\/wp-json\/wp\/v2\/types\/product"}],"replies":[{"embeddable":true,"href":"https:\/\/www.mundilibros.cl\/web\/wp-json\/wp\/v2\/comments?post=646"}],"wp:featuredmedia":[{"embeddable":true,"href":"https:\/\/www.mundilibros.cl\/web\/wp-json\/wp\/v2\/media\/705"}],"wp:attachment":[{"href":"https:\/\/www.mundilibros.cl\/web\/wp-json\/wp\/v2\/media?parent=646"}],"wp:term":[{"taxonomy":"product_brand","embeddable":true,"href":"https:\/\/www.mundilibros.cl\/web\/wp-json\/wp\/v2\/product_brand?post=646"},{"taxonomy":"product_cat","embeddable":true,"href":"https:\/\/www.mundilibros.cl\/web\/wp-json\/wp\/v2\/product_cat?post=646"},{"taxonomy":"product_tag","embeddable":true,"href":"https:\/\/www.mundilibros.cl\/web\/wp-json\/wp\/v2\/product_tag?post=646"}],"curies":[{"name":"wp","href":"https:\/\/api.w.org\/{rel}","templated":true}]}}