{"id":648,"date":"2025-11-14T19:04:17","date_gmt":"2025-11-14T19:04:17","guid":{"rendered":"https:\/\/www.mundilibros.cl\/web\/?post_type=product&#038;p=648"},"modified":"2025-11-14T19:05:39","modified_gmt":"2025-11-14T19:05:39","slug":"la-cinta-roja","status":"publish","type":"product","link":"https:\/\/www.mundilibros.cl\/web\/producto\/la-cinta-roja\/","title":{"rendered":"LA CINTA ROJA"},"content":{"rendered":"<div class=\"frase-mkt\">\n<p><strong>Dentro de Auschwitz se encuentra un taller de costura como ning\u00fan otro.<\/strong><br \/>\n<strong>Una conmovedora historia de amistad y hero\u00edsmo, basada en hechos reales.<\/strong><\/p>\n<\/div>\n<p>A sus catorce a\u00f1os y en su primer d\u00eda de trabajo, Ella se adentra en un mundo de sedas, tijeras, alfileres y bordados. Pero \u00e9se no es un taller de costura normal. Ni las suyas son clientas corrientes.<\/p>\n<p>Ella ha conseguido un puesto de trabajo en el taller de costura de Birchwood. Prisionera en ese campo de concentraci\u00f3n, cada vestido que dise\u00f1a puede suponer la diferencia entre la vida y la muerte. Los recuerdos del pasado, la pasi\u00f3n por su trabajo y el mundo de la moda y los tejidos ser\u00e1n el refugio para superar esa realidad terrible.<\/p>\n<p>N\u00famero de p\u00e1ginas: 320<\/p>\n<p>medidas : 15 x 21 cms<\/p>\n","protected":false},"excerpt":{"rendered":"<p><strong>Dentro de Auschwitz se encuentra un taller de costura como ning\u00fan otro.<\/strong><br \/>\n<strong>Una conmovedora historia de amistad y hero\u00edsmo, basada en hechos reales.<\/strong><\/p>\n","protected":false},"featured_media":707,"comment_status":"closed","ping_status":"closed","template":"","meta":[],"product_brand":[],"product_cat":[34],"product_tag":[],"class_list":{"0":"post-648","1":"product","2":"type-product","3":"status-publish","4":"has-post-thumbnail","6":"product_cat-novela-historica","8":"first","9":"outofstock","10":"taxable","11":"shipping-taxable","12":"purchasable","13":"product-type-simple"},"_links":{"self":[{"href":"https:\/\/www.mundilibros.cl\/web\/wp-json\/wp\/v2\/product\/648","targetHints":{"allow":["GET"]}}],"collection":[{"href":"https:\/\/www.mundilibros.cl\/web\/wp-json\/wp\/v2\/product"}],"about":[{"href":"https:\/\/www.mundilibros.cl\/web\/wp-json\/wp\/v2\/types\/product"}],"replies":[{"embeddable":true,"href":"https:\/\/www.mundilibros.cl\/web\/wp-json\/wp\/v2\/comments?post=648"}],"wp:featuredmedia":[{"embeddable":true,"href":"https:\/\/www.mundilibros.cl\/web\/wp-json\/wp\/v2\/media\/707"}],"wp:attachment":[{"href":"https:\/\/www.mundilibros.cl\/web\/wp-json\/wp\/v2\/media?parent=648"}],"wp:term":[{"taxonomy":"product_brand","embeddable":true,"href":"https:\/\/www.mundilibros.cl\/web\/wp-json\/wp\/v2\/product_brand?post=648"},{"taxonomy":"product_cat","embeddable":true,"href":"https:\/\/www.mundilibros.cl\/web\/wp-json\/wp\/v2\/product_cat?post=648"},{"taxonomy":"product_tag","embeddable":true,"href":"https:\/\/www.mundilibros.cl\/web\/wp-json\/wp\/v2\/product_tag?post=648"}],"curies":[{"name":"wp","href":"https:\/\/api.w.org\/{rel}","templated":true}]}}