{"id":650,"date":"2025-11-14T19:04:17","date_gmt":"2025-11-14T19:04:17","guid":{"rendered":"https:\/\/www.mundilibros.cl\/web\/?post_type=product&#038;p=650"},"modified":"2025-11-14T19:05:49","modified_gmt":"2025-11-14T19:05:49","slug":"empresario-en-un-minuto","status":"publish","type":"product","link":"https:\/\/www.mundilibros.cl\/web\/producto\/empresario-en-un-minuto\/","title":{"rendered":"EMPRESARIO EN UN MINUTO"},"content":{"rendered":"<p>En Empresario en un minuto, Ken Blanchard (coautor de El Ejecutivo al minuto, el libro m\u00e1s vendido de los cl\u00e1sicos de negocios), Don Hutson y Ethan Willis cuentan los retos a los que tuvo que hacer frente un hombre para crear su propia empresa. A trav\u00e9s de una narrativa poderosa y agradable, el lector experimentar\u00e1 los problemas que suelen presentarse en las primeras etapas de creaci\u00f3n de una empresa, desde c\u00f3mo encontrar nuevas fuentes de ingresos hasta c\u00f3mo asegurar el compromiso de los empleados y la lealtad de los clientes. M\u00e1s importante a\u00fan, aprender\u00e1 los secretos para convertirse en un empresario exitoso, incluyendo el de c\u00f3mo construir los cimientos de una firma, c\u00f3mo asegurar un flujo de caja estable y c\u00f3mo crear un servicio legendario.<br \/>\nEmpresario en un minuto ofrece a las personas de negocios y a los empresarios en potencia un tesoro oculto de sabidur\u00eda para pensar, actuar y tener \u00e9xito en la creaci\u00f3n y mantenimiento de una empresa, cualquiera que sea la industria en la que se desempe\u00f1e.<\/p>\n<p>formato tapa blanda<br \/>\nN\u00ba de p\u00e1ginas: 208<br \/>\nmedidas : 15 x 23 cms<\/p>\n<p>&nbsp;<\/p>\n<p>&nbsp;<\/p>\n<p>&nbsp;<\/p>\n<p>autor : KEN BLANCHARD<\/p>\n","protected":false},"excerpt":{"rendered":"<p>En Empresario en un minuto, Ken Blanchard (coautor de El Ejecutivo al minuto, el libro m\u00e1s vendido de los cl\u00e1sicos de negocios), Don Hutson y Ethan Willis cuentan los retos a los que tuvo que hacer frente un hombre para crear su propia empresa.<\/p>\n","protected":false},"featured_media":709,"comment_status":"closed","ping_status":"closed","template":"","meta":[],"product_brand":[],"product_cat":[87,89],"product_tag":[],"class_list":{"0":"post-650","1":"product","2":"type-product","3":"status-publish","4":"has-post-thumbnail","6":"product_cat-negocios","7":"product_cat-ofertas","9":"first","10":"outofstock","11":"sale","12":"taxable","13":"shipping-taxable","14":"purchasable","15":"product-type-simple"},"_links":{"self":[{"href":"https:\/\/www.mundilibros.cl\/web\/wp-json\/wp\/v2\/product\/650","targetHints":{"allow":["GET"]}}],"collection":[{"href":"https:\/\/www.mundilibros.cl\/web\/wp-json\/wp\/v2\/product"}],"about":[{"href":"https:\/\/www.mundilibros.cl\/web\/wp-json\/wp\/v2\/types\/product"}],"replies":[{"embeddable":true,"href":"https:\/\/www.mundilibros.cl\/web\/wp-json\/wp\/v2\/comments?post=650"}],"wp:featuredmedia":[{"embeddable":true,"href":"https:\/\/www.mundilibros.cl\/web\/wp-json\/wp\/v2\/media\/709"}],"wp:attachment":[{"href":"https:\/\/www.mundilibros.cl\/web\/wp-json\/wp\/v2\/media?parent=650"}],"wp:term":[{"taxonomy":"product_brand","embeddable":true,"href":"https:\/\/www.mundilibros.cl\/web\/wp-json\/wp\/v2\/product_brand?post=650"},{"taxonomy":"product_cat","embeddable":true,"href":"https:\/\/www.mundilibros.cl\/web\/wp-json\/wp\/v2\/product_cat?post=650"},{"taxonomy":"product_tag","embeddable":true,"href":"https:\/\/www.mundilibros.cl\/web\/wp-json\/wp\/v2\/product_tag?post=650"}],"curies":[{"name":"wp","href":"https:\/\/api.w.org\/{rel}","templated":true}]}}