{"id":654,"date":"2025-11-14T19:04:17","date_gmt":"2025-11-14T19:04:17","guid":{"rendered":"https:\/\/www.mundilibros.cl\/web\/?post_type=product&#038;p=654"},"modified":"2026-02-04T14:41:53","modified_gmt":"2026-02-04T14:41:53","slug":"el-lobo-florindo","status":"publish","type":"product","link":"https:\/\/www.mundilibros.cl\/web\/producto\/el-lobo-florindo\/","title":{"rendered":"EL LOBO FLORINDO"},"content":{"rendered":"","protected":false},"excerpt":{"rendered":"<p>El lobo Florindo tiene que alimentar a sus hijos y\u00a0no se le ocurre nada m\u00e1s que ir a buscar a su vecina, la gallina Teodora, para que sirvan de comida&#8230; lo que ignora es que no ser\u00e1 tan f\u00e1cil como \u00e9l se piensa. Una divert\u00eddisima historia en la que se pone de manifiesto la importancia del trabajo y\u00a0el esfuerzo personal.<\/p>\n<p>&nbsp;<\/p>\n<p>Paginas: 64<\/p>\n","protected":false},"featured_media":720,"comment_status":"closed","ping_status":"closed","template":"","meta":[],"product_brand":[],"product_cat":[33],"product_tag":[],"class_list":{"0":"post-654","1":"product","2":"type-product","3":"status-publish","4":"has-post-thumbnail","6":"product_cat-literatura-escolar","8":"first","9":"instock","10":"sale","11":"taxable","12":"shipping-taxable","13":"purchasable","14":"product-type-simple"},"_links":{"self":[{"href":"https:\/\/www.mundilibros.cl\/web\/wp-json\/wp\/v2\/product\/654","targetHints":{"allow":["GET"]}}],"collection":[{"href":"https:\/\/www.mundilibros.cl\/web\/wp-json\/wp\/v2\/product"}],"about":[{"href":"https:\/\/www.mundilibros.cl\/web\/wp-json\/wp\/v2\/types\/product"}],"replies":[{"embeddable":true,"href":"https:\/\/www.mundilibros.cl\/web\/wp-json\/wp\/v2\/comments?post=654"}],"wp:featuredmedia":[{"embeddable":true,"href":"https:\/\/www.mundilibros.cl\/web\/wp-json\/wp\/v2\/media\/720"}],"wp:attachment":[{"href":"https:\/\/www.mundilibros.cl\/web\/wp-json\/wp\/v2\/media?parent=654"}],"wp:term":[{"taxonomy":"product_brand","embeddable":true,"href":"https:\/\/www.mundilibros.cl\/web\/wp-json\/wp\/v2\/product_brand?post=654"},{"taxonomy":"product_cat","embeddable":true,"href":"https:\/\/www.mundilibros.cl\/web\/wp-json\/wp\/v2\/product_cat?post=654"},{"taxonomy":"product_tag","embeddable":true,"href":"https:\/\/www.mundilibros.cl\/web\/wp-json\/wp\/v2\/product_tag?post=654"}],"curies":[{"name":"wp","href":"https:\/\/api.w.org\/{rel}","templated":true}]}}