{"id":658,"date":"2025-11-14T19:04:17","date_gmt":"2025-11-14T19:04:17","guid":{"rendered":"https:\/\/www.mundilibros.cl\/web\/?post_type=product&#038;p=658"},"modified":"2025-11-14T19:06:05","modified_gmt":"2025-11-14T19:06:05","slug":"igual-a-mi-distinto-a-ti","status":"publish","type":"product","link":"https:\/\/www.mundilibros.cl\/web\/producto\/igual-a-mi-distinto-a-ti\/","title":{"rendered":"IGUAL A MI DISTINTO A TI"},"content":{"rendered":"<p>Con un tono \u00edntimo y profundo, la escritora Francisca Solar explora lo que significa para una familia que uno de los suyos tenga S\u00edndrome de Down. La joven y reconocida autora de fanfictions y novelas incursiona ahora, y por primera vez, en una obra destinada a los m\u00e1s chicos con un estilo simple y directo, que tambi\u00e9n encanta a los lectores m\u00e1s grandes. Igual a m\u00ed, distinto a ti relata la historia de dos hermanos gemelos que son casi id\u00e9nticos. Ambos son colorines, tienen pijamas con patas, van juntos al colegio, comparten su colaci\u00f3n y se ayudan en las tareas. Sin embargo, Benjam\u00edn tiene una peque\u00f1a diferencia que lo hace distinto a su hermano y a muchos otros ni\u00f1os. Pero eso no impide que su gemelo sienta que los dos son y ser\u00e1n siempre iguales.<\/p>\n","protected":false},"excerpt":{"rendered":"<p>Benjam\u00edn es casi id\u00e9ntico a su gemelo. Ambos son colorines y tienen los pies gorditos. Sin embargo, hay una peque\u00f1a diferencia en Benjam\u00edn que lo hace distinto a su hermano y a otros ni\u00f1os.<\/p>\n<p>&nbsp;<\/p>\n<p>&nbsp;<\/p>\n","protected":false},"featured_media":724,"comment_status":"closed","ping_status":"closed","template":"","meta":[],"product_brand":[],"product_cat":[33],"product_tag":[],"class_list":{"0":"post-658","1":"product","2":"type-product","3":"status-publish","4":"has-post-thumbnail","6":"product_cat-literatura-escolar","8":"first","9":"outofstock","10":"taxable","11":"shipping-taxable","12":"purchasable","13":"product-type-simple"},"_links":{"self":[{"href":"https:\/\/www.mundilibros.cl\/web\/wp-json\/wp\/v2\/product\/658","targetHints":{"allow":["GET"]}}],"collection":[{"href":"https:\/\/www.mundilibros.cl\/web\/wp-json\/wp\/v2\/product"}],"about":[{"href":"https:\/\/www.mundilibros.cl\/web\/wp-json\/wp\/v2\/types\/product"}],"replies":[{"embeddable":true,"href":"https:\/\/www.mundilibros.cl\/web\/wp-json\/wp\/v2\/comments?post=658"}],"wp:featuredmedia":[{"embeddable":true,"href":"https:\/\/www.mundilibros.cl\/web\/wp-json\/wp\/v2\/media\/724"}],"wp:attachment":[{"href":"https:\/\/www.mundilibros.cl\/web\/wp-json\/wp\/v2\/media?parent=658"}],"wp:term":[{"taxonomy":"product_brand","embeddable":true,"href":"https:\/\/www.mundilibros.cl\/web\/wp-json\/wp\/v2\/product_brand?post=658"},{"taxonomy":"product_cat","embeddable":true,"href":"https:\/\/www.mundilibros.cl\/web\/wp-json\/wp\/v2\/product_cat?post=658"},{"taxonomy":"product_tag","embeddable":true,"href":"https:\/\/www.mundilibros.cl\/web\/wp-json\/wp\/v2\/product_tag?post=658"}],"curies":[{"name":"wp","href":"https:\/\/api.w.org\/{rel}","templated":true}]}}