{"id":672,"date":"2025-11-14T19:04:44","date_gmt":"2025-11-14T19:04:44","guid":{"rendered":"https:\/\/www.mundilibros.cl\/web\/?post_type=product&#038;p=672"},"modified":"2026-02-04T14:41:15","modified_gmt":"2026-02-04T14:41:15","slug":"quiero-un-hermanito","status":"publish","type":"product","link":"https:\/\/www.mundilibros.cl\/web\/producto\/quiero-un-hermanito\/","title":{"rendered":"QUIERO UN HERMANITO"},"content":{"rendered":"<p>\u00a1Quiero un hermanito! Todos mis amigos tienen hermanos, yo soy el \u00fanico que no tiene ninguno. Y es un rollo. \u00bfQu\u00e9 puede hacer Juan si sus padres no escuchan sus peticiones?.<\/p>\n","protected":false},"excerpt":{"rendered":"<p>Juan quiere un hermano y un d\u00eda descubre que los beb\u00e9s vienen de semillas. Su abuelo lo ayuda a plantar una muy especial, pero lo que Juan no sabe es que en su cumplea\u00f1os tendr\u00e1 una gran sorpresa.<\/p>\n<p>&nbsp;<\/p>\n<p>Paginas: 64<\/p>\n","protected":false},"featured_media":728,"comment_status":"closed","ping_status":"closed","template":"","meta":[],"product_brand":[],"product_cat":[33],"product_tag":[],"class_list":{"0":"post-672","1":"product","2":"type-product","3":"status-publish","4":"has-post-thumbnail","6":"product_cat-literatura-escolar","8":"first","9":"instock","10":"taxable","11":"shipping-taxable","12":"purchasable","13":"product-type-simple"},"_links":{"self":[{"href":"https:\/\/www.mundilibros.cl\/web\/wp-json\/wp\/v2\/product\/672","targetHints":{"allow":["GET"]}}],"collection":[{"href":"https:\/\/www.mundilibros.cl\/web\/wp-json\/wp\/v2\/product"}],"about":[{"href":"https:\/\/www.mundilibros.cl\/web\/wp-json\/wp\/v2\/types\/product"}],"replies":[{"embeddable":true,"href":"https:\/\/www.mundilibros.cl\/web\/wp-json\/wp\/v2\/comments?post=672"}],"wp:featuredmedia":[{"embeddable":true,"href":"https:\/\/www.mundilibros.cl\/web\/wp-json\/wp\/v2\/media\/728"}],"wp:attachment":[{"href":"https:\/\/www.mundilibros.cl\/web\/wp-json\/wp\/v2\/media?parent=672"}],"wp:term":[{"taxonomy":"product_brand","embeddable":true,"href":"https:\/\/www.mundilibros.cl\/web\/wp-json\/wp\/v2\/product_brand?post=672"},{"taxonomy":"product_cat","embeddable":true,"href":"https:\/\/www.mundilibros.cl\/web\/wp-json\/wp\/v2\/product_cat?post=672"},{"taxonomy":"product_tag","embeddable":true,"href":"https:\/\/www.mundilibros.cl\/web\/wp-json\/wp\/v2\/product_tag?post=672"}],"curies":[{"name":"wp","href":"https:\/\/api.w.org\/{rel}","templated":true}]}}