{"id":687,"date":"2025-11-14T19:05:11","date_gmt":"2025-11-14T19:05:11","guid":{"rendered":"https:\/\/www.mundilibros.cl\/web\/?post_type=product&#038;p=687"},"modified":"2025-11-14T19:06:12","modified_gmt":"2025-11-14T19:06:12","slug":"un-invento-sobre-ruedas","status":"publish","type":"product","link":"https:\/\/www.mundilibros.cl\/web\/producto\/un-invento-sobre-ruedas\/","title":{"rendered":"UN INVENTO SOBRE RUEDAS"},"content":{"rendered":"<p>Autor: Inma Morales<\/p>\n<p>Serie Blanca<\/p>\n<p>Paginas: 45<\/p>\n","protected":false},"excerpt":{"rendered":"<p>El abuelo Pepe tiene una afici\u00f3n curiosa: recoge pr\u00e1cticamente todo lo que encuentra por la calle, y reutilizando los materiales, inventa cosas. Noel, su nieto, est\u00e1 fascinado con esa pr\u00e1ctica, y lo ayuda en todo lo que puede. Pero un d\u00eda la abuela se cansa y les dice que un bid\u00e9 es demasiado grande y molesto para que se quede en la casa \u00absin hacer nada\u00bb. Entonces el abuelo, Noel y su otra nieta, Cristina, se devanan los sesos y comienza la \u00abOperaci\u00f3n Bid\u00e9\u00bb, hasta que deciden ponerle unas ruedecillas y as\u00ed encuentran m\u00e1s de una utilidad para ese invento ambulante. . . Los dos nietos hacen un \u00abdesfile\u00bb de utilidades para el bid\u00e9: de recogecosas, para pasear mu\u00f1ecas, lugar para los ovillos. . . Al final, la abuela se queda conforme con el invento, y este se queda en casa.<\/p>\n","protected":false},"featured_media":733,"comment_status":"closed","ping_status":"closed","template":"","meta":[],"product_brand":[],"product_cat":[33],"product_tag":[],"class_list":{"0":"post-687","1":"product","2":"type-product","3":"status-publish","4":"has-post-thumbnail","6":"product_cat-literatura-escolar","8":"first","9":"instock","10":"sale","11":"taxable","12":"shipping-taxable","13":"purchasable","14":"product-type-simple"},"_links":{"self":[{"href":"https:\/\/www.mundilibros.cl\/web\/wp-json\/wp\/v2\/product\/687","targetHints":{"allow":["GET"]}}],"collection":[{"href":"https:\/\/www.mundilibros.cl\/web\/wp-json\/wp\/v2\/product"}],"about":[{"href":"https:\/\/www.mundilibros.cl\/web\/wp-json\/wp\/v2\/types\/product"}],"replies":[{"embeddable":true,"href":"https:\/\/www.mundilibros.cl\/web\/wp-json\/wp\/v2\/comments?post=687"}],"wp:featuredmedia":[{"embeddable":true,"href":"https:\/\/www.mundilibros.cl\/web\/wp-json\/wp\/v2\/media\/733"}],"wp:attachment":[{"href":"https:\/\/www.mundilibros.cl\/web\/wp-json\/wp\/v2\/media?parent=687"}],"wp:term":[{"taxonomy":"product_brand","embeddable":true,"href":"https:\/\/www.mundilibros.cl\/web\/wp-json\/wp\/v2\/product_brand?post=687"},{"taxonomy":"product_cat","embeddable":true,"href":"https:\/\/www.mundilibros.cl\/web\/wp-json\/wp\/v2\/product_cat?post=687"},{"taxonomy":"product_tag","embeddable":true,"href":"https:\/\/www.mundilibros.cl\/web\/wp-json\/wp\/v2\/product_tag?post=687"}],"curies":[{"name":"wp","href":"https:\/\/api.w.org\/{rel}","templated":true}]}}