{"id":688,"date":"2025-11-14T19:05:11","date_gmt":"2025-11-14T19:05:11","guid":{"rendered":"https:\/\/www.mundilibros.cl\/web\/?post_type=product&#038;p=688"},"modified":"2025-11-14T19:06:13","modified_gmt":"2025-11-14T19:06:13","slug":"las-flores-de-la-senora-cucu","status":"publish","type":"product","link":"https:\/\/www.mundilibros.cl\/web\/producto\/las-flores-de-la-senora-cucu\/","title":{"rendered":"LAS FLORES DE LA SE\u00d1ORA CUCU"},"content":{"rendered":"<p>Autor:\u00a0 Mari Ferrer<\/p>\n<p>Serie Blanca<\/p>\n<p>Paginas: 64<\/p>\n","protected":false},"excerpt":{"rendered":"<p>La se\u00f1ora Lul\u00fa se pasa el d\u00eda regando macetas vac\u00edas y hablando sobre flores que nadie ve. Los<br \/>\nvecinos se r\u00eden de ella y la llaman \u201cse\u00f1ora Cuc\u00fa\u201d porque piensan que est\u00e1 chiflada. Hasta que la<br \/>\nllegada de un ni\u00f1o nos hace darnos cuenta de algo muy diferente.<\/p>\n<p>&nbsp;<\/p>\n<p>Paginas: 64<\/p>\n","protected":false},"featured_media":734,"comment_status":"closed","ping_status":"closed","template":"","meta":[],"product_brand":[],"product_cat":[33],"product_tag":[],"class_list":{"0":"post-688","1":"product","2":"type-product","3":"status-publish","4":"has-post-thumbnail","6":"product_cat-literatura-escolar","8":"first","9":"outofstock","10":"taxable","11":"shipping-taxable","12":"purchasable","13":"product-type-simple"},"_links":{"self":[{"href":"https:\/\/www.mundilibros.cl\/web\/wp-json\/wp\/v2\/product\/688","targetHints":{"allow":["GET"]}}],"collection":[{"href":"https:\/\/www.mundilibros.cl\/web\/wp-json\/wp\/v2\/product"}],"about":[{"href":"https:\/\/www.mundilibros.cl\/web\/wp-json\/wp\/v2\/types\/product"}],"replies":[{"embeddable":true,"href":"https:\/\/www.mundilibros.cl\/web\/wp-json\/wp\/v2\/comments?post=688"}],"wp:featuredmedia":[{"embeddable":true,"href":"https:\/\/www.mundilibros.cl\/web\/wp-json\/wp\/v2\/media\/734"}],"wp:attachment":[{"href":"https:\/\/www.mundilibros.cl\/web\/wp-json\/wp\/v2\/media?parent=688"}],"wp:term":[{"taxonomy":"product_brand","embeddable":true,"href":"https:\/\/www.mundilibros.cl\/web\/wp-json\/wp\/v2\/product_brand?post=688"},{"taxonomy":"product_cat","embeddable":true,"href":"https:\/\/www.mundilibros.cl\/web\/wp-json\/wp\/v2\/product_cat?post=688"},{"taxonomy":"product_tag","embeddable":true,"href":"https:\/\/www.mundilibros.cl\/web\/wp-json\/wp\/v2\/product_tag?post=688"}],"curies":[{"name":"wp","href":"https:\/\/api.w.org\/{rel}","templated":true}]}}