{"id":689,"date":"2025-11-14T19:05:11","date_gmt":"2025-11-14T19:05:11","guid":{"rendered":"https:\/\/www.mundilibros.cl\/web\/?post_type=product&#038;p=689"},"modified":"2026-02-04T14:40:59","modified_gmt":"2026-02-04T14:40:59","slug":"si-tienes-un-papa-mago","status":"publish","type":"product","link":"https:\/\/www.mundilibros.cl\/web\/producto\/si-tienes-un-papa-mago\/","title":{"rendered":"SI TIENES UN PAPA MAGO"},"content":{"rendered":"<p>Autor: Gabriela Keselman<\/p>\n<p>Serie Blanca<\/p>\n<p>Paginas: 64<\/p>\n","protected":false},"excerpt":{"rendered":"<p>Chiqui es alegre y tiene un pap\u00e1 mago. Sus amigos envidian su alegr\u00eda. Cuando su pap\u00e1 le dice palabras m\u00e1gicas, sus amigos deciden investigar cu\u00e1les son y descubren una gran lecci\u00f3n.<\/p>\n<p>&nbsp;<\/p>\n<p>Paginas: 64<\/p>\n","protected":false},"featured_media":735,"comment_status":"closed","ping_status":"closed","template":"","meta":[],"product_brand":[],"product_cat":[33],"product_tag":[],"class_list":{"0":"post-689","1":"product","2":"type-product","3":"status-publish","4":"has-post-thumbnail","6":"product_cat-literatura-escolar","8":"first","9":"instock","10":"sale","11":"taxable","12":"shipping-taxable","13":"purchasable","14":"product-type-simple"},"_links":{"self":[{"href":"https:\/\/www.mundilibros.cl\/web\/wp-json\/wp\/v2\/product\/689","targetHints":{"allow":["GET"]}}],"collection":[{"href":"https:\/\/www.mundilibros.cl\/web\/wp-json\/wp\/v2\/product"}],"about":[{"href":"https:\/\/www.mundilibros.cl\/web\/wp-json\/wp\/v2\/types\/product"}],"replies":[{"embeddable":true,"href":"https:\/\/www.mundilibros.cl\/web\/wp-json\/wp\/v2\/comments?post=689"}],"wp:featuredmedia":[{"embeddable":true,"href":"https:\/\/www.mundilibros.cl\/web\/wp-json\/wp\/v2\/media\/735"}],"wp:attachment":[{"href":"https:\/\/www.mundilibros.cl\/web\/wp-json\/wp\/v2\/media?parent=689"}],"wp:term":[{"taxonomy":"product_brand","embeddable":true,"href":"https:\/\/www.mundilibros.cl\/web\/wp-json\/wp\/v2\/product_brand?post=689"},{"taxonomy":"product_cat","embeddable":true,"href":"https:\/\/www.mundilibros.cl\/web\/wp-json\/wp\/v2\/product_cat?post=689"},{"taxonomy":"product_tag","embeddable":true,"href":"https:\/\/www.mundilibros.cl\/web\/wp-json\/wp\/v2\/product_tag?post=689"}],"curies":[{"name":"wp","href":"https:\/\/api.w.org\/{rel}","templated":true}]}}