{"id":699,"date":"2025-11-14T19:05:34","date_gmt":"2025-11-14T19:05:34","guid":{"rendered":"https:\/\/www.mundilibros.cl\/web\/?post_type=product&#038;p=699"},"modified":"2025-11-14T19:06:15","modified_gmt":"2025-11-14T19:06:15","slug":"el-jajile-azul","status":"publish","type":"product","link":"https:\/\/www.mundilibros.cl\/web\/producto\/el-jajile-azul\/","title":{"rendered":"EL JAJILE AZUL"},"content":{"rendered":"<p>Autor: Ursula Wolfel<\/p>\n<p>Serie Blanca<\/p>\n<p>Paginas: 64<\/p>\n","protected":false},"excerpt":{"rendered":"<p>Un jabal\u00ed gordo y gris quiere ser distinto. Para eso adquiere el color azul de un pez, la melena del le\u00f3n y el cuello de una jirafa. El problema es que ahora no sabe qu\u00e9 animal es.<\/p>\n<p>&nbsp;<\/p>\n<p>Paginas: 64<\/p>\n","protected":false},"featured_media":736,"comment_status":"closed","ping_status":"closed","template":"","meta":[],"product_brand":[],"product_cat":[33],"product_tag":[],"class_list":{"0":"post-699","1":"product","2":"type-product","3":"status-publish","4":"has-post-thumbnail","6":"product_cat-literatura-escolar","8":"first","9":"outofstock","10":"sale","11":"taxable","12":"shipping-taxable","13":"purchasable","14":"product-type-simple"},"_links":{"self":[{"href":"https:\/\/www.mundilibros.cl\/web\/wp-json\/wp\/v2\/product\/699","targetHints":{"allow":["GET"]}}],"collection":[{"href":"https:\/\/www.mundilibros.cl\/web\/wp-json\/wp\/v2\/product"}],"about":[{"href":"https:\/\/www.mundilibros.cl\/web\/wp-json\/wp\/v2\/types\/product"}],"replies":[{"embeddable":true,"href":"https:\/\/www.mundilibros.cl\/web\/wp-json\/wp\/v2\/comments?post=699"}],"wp:featuredmedia":[{"embeddable":true,"href":"https:\/\/www.mundilibros.cl\/web\/wp-json\/wp\/v2\/media\/736"}],"wp:attachment":[{"href":"https:\/\/www.mundilibros.cl\/web\/wp-json\/wp\/v2\/media?parent=699"}],"wp:term":[{"taxonomy":"product_brand","embeddable":true,"href":"https:\/\/www.mundilibros.cl\/web\/wp-json\/wp\/v2\/product_brand?post=699"},{"taxonomy":"product_cat","embeddable":true,"href":"https:\/\/www.mundilibros.cl\/web\/wp-json\/wp\/v2\/product_cat?post=699"},{"taxonomy":"product_tag","embeddable":true,"href":"https:\/\/www.mundilibros.cl\/web\/wp-json\/wp\/v2\/product_tag?post=699"}],"curies":[{"name":"wp","href":"https:\/\/api.w.org\/{rel}","templated":true}]}}