{"id":711,"date":"2025-11-14T19:05:56","date_gmt":"2025-11-14T19:05:56","guid":{"rendered":"https:\/\/www.mundilibros.cl\/web\/?post_type=product&#038;p=711"},"modified":"2025-11-14T19:06:25","modified_gmt":"2025-11-14T19:06:25","slug":"mujeres-del-alma-mia","status":"publish","type":"product","link":"https:\/\/www.mundilibros.cl\/web\/producto\/mujeres-del-alma-mia\/","title":{"rendered":"MUJERES DEL  ALMA MIA"},"content":{"rendered":"<p>En Mujeres del alma m\u00eda la gran autora chilena nos invita a acompa\u00f1arla en este viaje personal y emocional donde repasa su vinculaci\u00f3n con el feminismo desde la infancia hasta hoy. Recuerda a algunas mujeres imprescindibles en su vida, como sus a\u00f1oradas Panchita, Paula o la agente Carmen Balcells; a escritoras relevantes como Virginia Woolf o Margaret Atwood; a j\u00f3venes artistas que aglutinan la rebeld\u00eda de su generaci\u00f3n o, entre otras muchas, a esas mujeres an\u00f3nimas que han sufrido la violencia y que llenas de dignidad y coraje se levantan y avanzan&#8230; Ellas son las que tanto le inspiran y tanto le han acompa\u00f1ado a lo largo de su vida: sus mujeres del alma. Finalmente, reflexiona tambi\u00e9n sobre el movimiento #MeToo -que apoya y celebra-, sobre las recientes revueltas sociales en su pa\u00eds de origen y, c\u00f3mo no, sobre la nueva situaci\u00f3n que globalmente estamos viviendo con la pandemia. Todo ello sin perder esa inconfundible pasi\u00f3n por la vida y por insistir en que, m\u00e1s all\u00e1 de la edad, siempre hay tiempo para el amor.<\/p>\n","protected":false},"excerpt":{"rendered":"<p>En Mujeres del alma m\u00eda la gran autora chilena nos invita a acompa\u00f1arla en este viaje personal y emocional donde repasa su vinculaci\u00f3n con el feminismo<span class=\"excerpt-hellip\"> [\u2026]<\/span><\/p>\n","protected":false},"featured_media":761,"comment_status":"closed","ping_status":"closed","template":"","meta":[],"product_brand":[],"product_cat":[25,26],"product_tag":[],"class_list":{"0":"post-711","1":"product","2":"type-product","3":"status-publish","4":"has-post-thumbnail","6":"product_cat-novelas","7":"product_cat-romanticas","9":"first","10":"outofstock","11":"sale","12":"taxable","13":"shipping-taxable","14":"purchasable","15":"product-type-simple"},"_links":{"self":[{"href":"https:\/\/www.mundilibros.cl\/web\/wp-json\/wp\/v2\/product\/711","targetHints":{"allow":["GET"]}}],"collection":[{"href":"https:\/\/www.mundilibros.cl\/web\/wp-json\/wp\/v2\/product"}],"about":[{"href":"https:\/\/www.mundilibros.cl\/web\/wp-json\/wp\/v2\/types\/product"}],"replies":[{"embeddable":true,"href":"https:\/\/www.mundilibros.cl\/web\/wp-json\/wp\/v2\/comments?post=711"}],"wp:featuredmedia":[{"embeddable":true,"href":"https:\/\/www.mundilibros.cl\/web\/wp-json\/wp\/v2\/media\/761"}],"wp:attachment":[{"href":"https:\/\/www.mundilibros.cl\/web\/wp-json\/wp\/v2\/media?parent=711"}],"wp:term":[{"taxonomy":"product_brand","embeddable":true,"href":"https:\/\/www.mundilibros.cl\/web\/wp-json\/wp\/v2\/product_brand?post=711"},{"taxonomy":"product_cat","embeddable":true,"href":"https:\/\/www.mundilibros.cl\/web\/wp-json\/wp\/v2\/product_cat?post=711"},{"taxonomy":"product_tag","embeddable":true,"href":"https:\/\/www.mundilibros.cl\/web\/wp-json\/wp\/v2\/product_tag?post=711"}],"curies":[{"name":"wp","href":"https:\/\/api.w.org\/{rel}","templated":true}]}}