{"id":712,"date":"2025-11-14T19:05:56","date_gmt":"2025-11-14T19:05:56","guid":{"rendered":"https:\/\/www.mundilibros.cl\/web\/?post_type=product&#038;p=712"},"modified":"2025-11-14T19:06:29","modified_gmt":"2025-11-14T19:06:29","slug":"el-hombre-mas-rico-de-babilonia","status":"publish","type":"product","link":"https:\/\/www.mundilibros.cl\/web\/producto\/el-hombre-mas-rico-de-babilonia\/","title":{"rendered":"EL HOMBRE M\u00c1S RICO DE BABILONIA"},"content":{"rendered":"<p>En este libro encontrar\u00e1 los principios fundamentales que necesita para triunfar en el terreno financiero y que le permitir\u00e1n engrosar su bolsillo, aumentar su cuenta bancaria y asegurarse el \u00e9xito econ\u00f3mico que todos anhelamos, aprendiendo a conservarlo y a hacerlo fructificar. Se trata de la gu\u00eda perfecta tanto para graduados y especialistas como para profanos en el tema. Aprovechando las reglas b\u00e1sicas de la econom\u00eda surgidas en la antigua Babilonia, y que todav\u00eda hoy en d\u00eda son reconocidas y aplicadas por miles de especialistas, el autor, George S. Clason, nos ense\u00f1a las leyes que llevan al \u00e9xito econ\u00f3mico a trav\u00e9s de un lenguaje ameno, sencillo y asequible para todos, con un libro que se lee como una novela. El dinero como criterio universal con el que se mide el \u00e9xito en nuestra sociedad, s\u00f3lo abunda para el que conoce el medio de obtenerlo. Si quieres ser rico, lee este libro.<\/p>\n","protected":false},"excerpt":{"rendered":"<p>En este libro encontrar\u00e1 los principios fundamentales que necesita para triunfar en el terreno financiero y que le permitir\u00e1n engrosar su bolsillo, aumentar su cuenta bancaria y asegurarse el \u00e9xito econ\u00f3mico que todos anhelamos, aprendiendo a conservarlo y a hacerlo fructificar<\/p>\n","protected":false},"featured_media":762,"comment_status":"closed","ping_status":"closed","template":"","meta":[],"product_brand":[],"product_cat":[46,87],"product_tag":[],"class_list":{"0":"post-712","1":"product","2":"type-product","3":"status-publish","4":"has-post-thumbnail","6":"product_cat-autoayuda","7":"product_cat-negocios","9":"first","10":"outofstock","11":"taxable","12":"shipping-taxable","13":"purchasable","14":"product-type-simple"},"_links":{"self":[{"href":"https:\/\/www.mundilibros.cl\/web\/wp-json\/wp\/v2\/product\/712","targetHints":{"allow":["GET"]}}],"collection":[{"href":"https:\/\/www.mundilibros.cl\/web\/wp-json\/wp\/v2\/product"}],"about":[{"href":"https:\/\/www.mundilibros.cl\/web\/wp-json\/wp\/v2\/types\/product"}],"replies":[{"embeddable":true,"href":"https:\/\/www.mundilibros.cl\/web\/wp-json\/wp\/v2\/comments?post=712"}],"wp:featuredmedia":[{"embeddable":true,"href":"https:\/\/www.mundilibros.cl\/web\/wp-json\/wp\/v2\/media\/762"}],"wp:attachment":[{"href":"https:\/\/www.mundilibros.cl\/web\/wp-json\/wp\/v2\/media?parent=712"}],"wp:term":[{"taxonomy":"product_brand","embeddable":true,"href":"https:\/\/www.mundilibros.cl\/web\/wp-json\/wp\/v2\/product_brand?post=712"},{"taxonomy":"product_cat","embeddable":true,"href":"https:\/\/www.mundilibros.cl\/web\/wp-json\/wp\/v2\/product_cat?post=712"},{"taxonomy":"product_tag","embeddable":true,"href":"https:\/\/www.mundilibros.cl\/web\/wp-json\/wp\/v2\/product_tag?post=712"}],"curies":[{"name":"wp","href":"https:\/\/api.w.org\/{rel}","templated":true}]}}