{"id":714,"date":"2025-11-14T19:05:56","date_gmt":"2025-11-14T19:05:56","guid":{"rendered":"https:\/\/www.mundilibros.cl\/web\/?post_type=product&#038;p=714"},"modified":"2025-11-14T19:06:38","modified_gmt":"2025-11-14T19:06:38","slug":"pensar-rapido-pensar-despacio","status":"publish","type":"product","link":"https:\/\/www.mundilibros.cl\/web\/producto\/pensar-rapido-pensar-despacio\/","title":{"rendered":"PENSAR R\u00c1PIDO, PENSAR DESPACIO"},"content":{"rendered":"<p>Daniel Kahneman, uno de los pensadores m\u00e1s importantes del mundo, recibi\u00f3 el premio Nobel de Econom\u00eda por su trabajo pionero en psicolog\u00eda sobre el modelo racional de la toma de decisiones. Sus ideas han tenido un profundo impacto en campos tan diversos como la econom\u00eda, la medicina o la pol\u00edtica, pero hasta ahora no hab\u00eda reunido la obra de su vida en un libro.<\/p>\n","protected":false},"excerpt":{"rendered":"<p>Versi\u00f3n tapa dura<\/p>\n","protected":false},"featured_media":764,"comment_status":"closed","ping_status":"closed","template":"","meta":[],"product_brand":[],"product_cat":[46],"product_tag":[],"class_list":{"0":"post-714","1":"product","2":"type-product","3":"status-publish","4":"has-post-thumbnail","6":"product_cat-autoayuda","8":"first","9":"outofstock","10":"taxable","11":"shipping-taxable","12":"purchasable","13":"product-type-simple"},"_links":{"self":[{"href":"https:\/\/www.mundilibros.cl\/web\/wp-json\/wp\/v2\/product\/714","targetHints":{"allow":["GET"]}}],"collection":[{"href":"https:\/\/www.mundilibros.cl\/web\/wp-json\/wp\/v2\/product"}],"about":[{"href":"https:\/\/www.mundilibros.cl\/web\/wp-json\/wp\/v2\/types\/product"}],"replies":[{"embeddable":true,"href":"https:\/\/www.mundilibros.cl\/web\/wp-json\/wp\/v2\/comments?post=714"}],"wp:featuredmedia":[{"embeddable":true,"href":"https:\/\/www.mundilibros.cl\/web\/wp-json\/wp\/v2\/media\/764"}],"wp:attachment":[{"href":"https:\/\/www.mundilibros.cl\/web\/wp-json\/wp\/v2\/media?parent=714"}],"wp:term":[{"taxonomy":"product_brand","embeddable":true,"href":"https:\/\/www.mundilibros.cl\/web\/wp-json\/wp\/v2\/product_brand?post=714"},{"taxonomy":"product_cat","embeddable":true,"href":"https:\/\/www.mundilibros.cl\/web\/wp-json\/wp\/v2\/product_cat?post=714"},{"taxonomy":"product_tag","embeddable":true,"href":"https:\/\/www.mundilibros.cl\/web\/wp-json\/wp\/v2\/product_tag?post=714"}],"curies":[{"name":"wp","href":"https:\/\/api.w.org\/{rel}","templated":true}]}}