{"id":716,"date":"2025-11-14T19:05:56","date_gmt":"2025-11-14T19:05:56","guid":{"rendered":"https:\/\/www.mundilibros.cl\/web\/?post_type=product&#038;p=716"},"modified":"2025-11-14T19:06:50","modified_gmt":"2025-11-14T19:06:50","slug":"el-libro-tibetano-de-la-vida-y-de-la-muerte","status":"publish","type":"product","link":"https:\/\/www.mundilibros.cl\/web\/producto\/el-libro-tibetano-de-la-vida-y-de-la-muerte\/","title":{"rendered":"EL LIBRO TIBETANO DE LA VIDA Y DE LA MUERTE"},"content":{"rendered":"<p>Con pr\u00f3logo a cargo del Dalai Lama. . Un cl\u00e1sico que cumple veinte a\u00f1os y sigue siendo un libro de referencia. . Una obra maestra revisada que te dar\u00e1 una visi\u00f3n nueva sobre la muerte y el universo.En este exhaustivo trabajo, que urano recupera en su colecci\u00f3n Vintage a petici\u00f3n de los lectores, el maestro de meditaci\u00f3n budista y conferenciante internacional Sogyal Rimpoch\u00e9 presenta unas sencillas y poderosas pr\u00e1cticas de la tradici\u00f3n tibetana, asequibles a cualquier persona sea cual sea su religi\u00f3n o tradici\u00f3n cultural, para que pueda transformar su vida, prepararse para la muerte y ayudar a los moribundos. El libro tibetano de la vida y de la muerte expone con claridad y un rigor sin precedentes la majestuosa visi\u00f3n que nos ofrece el Libro tibetano de los muertos y combina la milenaria sabidur\u00eda de T\u00edbet con la moderna investigaci\u00f3n sobre la muerte, los moribundos y la naturaleza del universo para comprender, encarnar e integrar las ense\u00f1anzas budistas a la vida cotidiana. Sogyal Rimpoch\u00e9 nos ofrece no s\u00f3lo una obra maestra espiritual, sino tambi\u00e9n un manual, una gu\u00eda, un libro de consulta y una fuente de inspiraci\u00f3n sagrada.<\/p>\n<p>&nbsp;<\/p>\n<div class=\"row text-body-2 no-gutters\"><\/div>\n<div class=\"row text-body-2 no-gutters\">\n<div class=\"col col-6\"><\/div>\n<\/div>\n","protected":false},"excerpt":{"rendered":"<p>Con pr\u00f3logo a cargo del Dalai Lama. . Un cl\u00e1sico que cumple veinte a\u00f1os y sigue siendo un libro de referencia. . Una obra maestra revisada que te dar\u00e1 una visi\u00f3n nueva sobre la muerte y el universo.En este exhaustivo trabajo, que urano recupera en su colecci\u00f3n Vintage a petici\u00f3n de los lectores, el maestro de meditaci\u00f3n budista y conferenciante internacional Sogyal Rimpoch\u00e9 presenta unas sencillas y poderosas pr\u00e1cticas de la tradici\u00f3n tibetana,<\/p>\n","protected":false},"featured_media":773,"comment_status":"closed","ping_status":"closed","template":"","meta":[],"product_brand":[],"product_cat":[46],"product_tag":[],"class_list":{"0":"post-716","1":"product","2":"type-product","3":"status-publish","4":"has-post-thumbnail","6":"product_cat-autoayuda","8":"first","9":"instock","10":"taxable","11":"shipping-taxable","12":"purchasable","13":"product-type-simple"},"_links":{"self":[{"href":"https:\/\/www.mundilibros.cl\/web\/wp-json\/wp\/v2\/product\/716","targetHints":{"allow":["GET"]}}],"collection":[{"href":"https:\/\/www.mundilibros.cl\/web\/wp-json\/wp\/v2\/product"}],"about":[{"href":"https:\/\/www.mundilibros.cl\/web\/wp-json\/wp\/v2\/types\/product"}],"replies":[{"embeddable":true,"href":"https:\/\/www.mundilibros.cl\/web\/wp-json\/wp\/v2\/comments?post=716"}],"wp:featuredmedia":[{"embeddable":true,"href":"https:\/\/www.mundilibros.cl\/web\/wp-json\/wp\/v2\/media\/773"}],"wp:attachment":[{"href":"https:\/\/www.mundilibros.cl\/web\/wp-json\/wp\/v2\/media?parent=716"}],"wp:term":[{"taxonomy":"product_brand","embeddable":true,"href":"https:\/\/www.mundilibros.cl\/web\/wp-json\/wp\/v2\/product_brand?post=716"},{"taxonomy":"product_cat","embeddable":true,"href":"https:\/\/www.mundilibros.cl\/web\/wp-json\/wp\/v2\/product_cat?post=716"},{"taxonomy":"product_tag","embeddable":true,"href":"https:\/\/www.mundilibros.cl\/web\/wp-json\/wp\/v2\/product_tag?post=716"}],"curies":[{"name":"wp","href":"https:\/\/api.w.org\/{rel}","templated":true}]}}