{"id":739,"date":"2025-11-14T19:06:17","date_gmt":"2025-11-14T19:06:17","guid":{"rendered":"https:\/\/www.mundilibros.cl\/web\/?post_type=product&#038;p=739"},"modified":"2025-11-14T19:06:59","modified_gmt":"2025-11-14T19:06:59","slug":"autobiografia-de-un-yogui","status":"publish","type":"product","link":"https:\/\/www.mundilibros.cl\/web\/producto\/autobiografia-de-un-yogui\/","title":{"rendered":"AUTOBIOGRAF\u00cdA DE UN YOGUI"},"content":{"rendered":"<p>Este cl\u00e1sico de la literatura espiritual moderna forma parte de la Lista de las 100 obras espirituales m\u00e1s influyentes del siglo XX, elaborada por la prestigiosa editorial HarperCollins. Autobiograf\u00eda de un Yogui figura de manera habitual en las listas de best sellers de su g\u00e9nero. Esta singular autobiograf\u00eda nos presenta el cautivador retrato de una de las personalidades espirituales m\u00e1s destacadas de nuestro tiempo, junto a Teresa de Calcuta o Ghandi. Paramahansa Yogananda, considerado el padre del yoga en occidente, recibi\u00f3 tambi\u00e9n el homenaje solemne del Gobierno de la India, que lo reconoci\u00f3 formalmente como uno de sus grandes santos. Autobiograf\u00eda de un Yogui no es s\u00f3lo el atrayente relato de una vida excepcional, sino tambi\u00e9n una exposici\u00f3n profunda de la milenaria ciencia del yoga, donde se explican con claridad las leyes sutiles cuya aplicaci\u00f3n permite realizar proezas extraordinarias y, sobre todo, alcanzar el dominio de s\u00ed mism<\/p>\n","protected":false},"excerpt":{"rendered":"<p>Autobiograf\u00eda de un Yogui figura de manera habitual en las listas de best sellers de su g\u00e9nero. Esta singular autobiograf\u00eda nos presenta el cautivador retrato de una de las personalidades espirituales m\u00e1s destacadas de nuestro tiempo.<\/p>\n","protected":false},"featured_media":776,"comment_status":"closed","ping_status":"closed","template":"","meta":[],"product_brand":[],"product_cat":[46],"product_tag":[],"class_list":{"0":"post-739","1":"product","2":"type-product","3":"status-publish","4":"has-post-thumbnail","6":"product_cat-autoayuda","8":"first","9":"outofstock","10":"taxable","11":"shipping-taxable","12":"purchasable","13":"product-type-simple"},"_links":{"self":[{"href":"https:\/\/www.mundilibros.cl\/web\/wp-json\/wp\/v2\/product\/739","targetHints":{"allow":["GET"]}}],"collection":[{"href":"https:\/\/www.mundilibros.cl\/web\/wp-json\/wp\/v2\/product"}],"about":[{"href":"https:\/\/www.mundilibros.cl\/web\/wp-json\/wp\/v2\/types\/product"}],"replies":[{"embeddable":true,"href":"https:\/\/www.mundilibros.cl\/web\/wp-json\/wp\/v2\/comments?post=739"}],"wp:featuredmedia":[{"embeddable":true,"href":"https:\/\/www.mundilibros.cl\/web\/wp-json\/wp\/v2\/media\/776"}],"wp:attachment":[{"href":"https:\/\/www.mundilibros.cl\/web\/wp-json\/wp\/v2\/media?parent=739"}],"wp:term":[{"taxonomy":"product_brand","embeddable":true,"href":"https:\/\/www.mundilibros.cl\/web\/wp-json\/wp\/v2\/product_brand?post=739"},{"taxonomy":"product_cat","embeddable":true,"href":"https:\/\/www.mundilibros.cl\/web\/wp-json\/wp\/v2\/product_cat?post=739"},{"taxonomy":"product_tag","embeddable":true,"href":"https:\/\/www.mundilibros.cl\/web\/wp-json\/wp\/v2\/product_tag?post=739"}],"curies":[{"name":"wp","href":"https:\/\/api.w.org\/{rel}","templated":true}]}}