{"id":747,"date":"2025-11-14T19:06:17","date_gmt":"2025-11-14T19:06:17","guid":{"rendered":"https:\/\/www.mundilibros.cl\/web\/?post_type=product&#038;p=747"},"modified":"2025-11-14T19:07:26","modified_gmt":"2025-11-14T19:07:26","slug":"tarot-rider-el-espejo-de-la-vida","status":"publish","type":"product","link":"https:\/\/www.mundilibros.cl\/web\/producto\/tarot-rider-el-espejo-de-la-vida\/","title":{"rendered":"TAROT RIDER. EL ESPEJO DE LA VIDA"},"content":{"rendered":"<p>El m\u00e1s popular de entre todos los mazos de tarot fue concebido por Arthur Edward Waite, miembro de la orden esot\u00e9rica Golden Dawn, y plasmado en dibujos por la artista Pamela Colman Smith, siendo publicado por primera vez por la compa\u00f1\u00eda Rider en el a\u00f1o 1910 en Londres. La especial particularidad del tarot Rider es que fue el primero en incluir bellas y sugerentes ilustraciones en todas sus cartas, tanto en las 22 de la Arcana Mayor como en las 56 cartas de la Arcana Menor y figuras. Sus cartas, dotadas todas ellas de un preciso y completo simbolismo, son sin embargo claras y de f\u00e1cil interpretaci\u00f3n, reflejando todas las experiencias humanas b\u00e1sicas. Ello motiv\u00f3 que el Tarot Rider-Waite se difundiera r\u00e1pidamente, convirti\u00e9ndose en el tarot m\u00e1s empleado en la actualidad.<\/p>\n<p>Tarot Rider, El Espejo De La Vida (Pack) Manual Para El Tarot Rider-Waite<br \/>\nMontano, Mario Editorial: Arkano Books<br \/>\nColecci\u00f3n: Tarot Y Adivinaci\u00f3n<br \/>\nIsbn: 9788496111929<br \/>\nP\u00e1ginas: 184 + 78 Cartas<br \/>\nTipo Cubierta: Estuche<br \/>\nPeso: 590,00 Gramos<br \/>\nFormato: 12,5 X 19 X 4,5 Cm<\/p>\n","protected":false},"excerpt":{"rendered":"<p>El m\u00e1s popular de entre todos los mazos de tarot fue concebido por Arthur Edward Waite, miembro de la orden esot\u00e9rica Golden Dawn<\/p>\n","protected":false},"featured_media":797,"comment_status":"closed","ping_status":"closed","template":"","meta":[],"product_brand":[],"product_cat":[162],"product_tag":[],"class_list":{"0":"post-747","1":"product","2":"type-product","3":"status-publish","4":"has-post-thumbnail","6":"product_cat-tarots","8":"first","9":"outofstock","10":"taxable","11":"shipping-taxable","12":"purchasable","13":"product-type-simple"},"_links":{"self":[{"href":"https:\/\/www.mundilibros.cl\/web\/wp-json\/wp\/v2\/product\/747","targetHints":{"allow":["GET"]}}],"collection":[{"href":"https:\/\/www.mundilibros.cl\/web\/wp-json\/wp\/v2\/product"}],"about":[{"href":"https:\/\/www.mundilibros.cl\/web\/wp-json\/wp\/v2\/types\/product"}],"replies":[{"embeddable":true,"href":"https:\/\/www.mundilibros.cl\/web\/wp-json\/wp\/v2\/comments?post=747"}],"wp:featuredmedia":[{"embeddable":true,"href":"https:\/\/www.mundilibros.cl\/web\/wp-json\/wp\/v2\/media\/797"}],"wp:attachment":[{"href":"https:\/\/www.mundilibros.cl\/web\/wp-json\/wp\/v2\/media?parent=747"}],"wp:term":[{"taxonomy":"product_brand","embeddable":true,"href":"https:\/\/www.mundilibros.cl\/web\/wp-json\/wp\/v2\/product_brand?post=747"},{"taxonomy":"product_cat","embeddable":true,"href":"https:\/\/www.mundilibros.cl\/web\/wp-json\/wp\/v2\/product_cat?post=747"},{"taxonomy":"product_tag","embeddable":true,"href":"https:\/\/www.mundilibros.cl\/web\/wp-json\/wp\/v2\/product_tag?post=747"}],"curies":[{"name":"wp","href":"https:\/\/api.w.org\/{rel}","templated":true}]}}