{"id":751,"date":"2025-11-14T19:06:17","date_gmt":"2025-11-14T19:06:17","guid":{"rendered":"https:\/\/www.mundilibros.cl\/web\/?post_type=product&#038;p=751"},"modified":"2025-11-27T19:58:42","modified_gmt":"2025-11-27T19:58:42","slug":"a-traves-de-mi-ventana","status":"publish","type":"product","link":"https:\/\/www.mundilibros.cl\/web\/producto\/a-traves-de-mi-ventana\/","title":{"rendered":"A TRAVES DE MI VENTANA"},"content":{"rendered":"<p>Raquel lleva toda la vida loca por Ares, su atractivo y misterioso vecino. Lo observa sin ser vista desde su ventana y es que, muy a su pesar, no han intercambiado ni una triste palabra. Lo que Raquel no sabe es que eso est\u00e1 a punto de cambiar&#8230;<\/p>\n<p>Ares comenzar\u00e1 a cruzarse en su camino hasta en los lugares m\u00e1s inesperados y descubrir\u00e1 que, en realidad, Raquel no es la ni\u00f1a inocente que cre\u00eda.<\/p>\n<p>Ahora, Raquel tiene muy claro su objetivo: conseguir que Ares se enamore de ella. Por supuesto, no est\u00e1 dispuesta a perderlo todo por el camino, y mucho menos a s\u00ed misma&#8230;<\/p>\n<p>El \u00e9xito internacional de Ariana Godoy en Wattpad: un magn\u00e9tico juego de seducci\u00f3n que te tendr\u00e1 atrapado en sus redes, ahora con nuevas escenas sobre los secretos de Ares.<\/p>\n<p>Formato Tapa blanda<br \/>\np\u00e1ginas: 416<br \/>\nMedidas: 14 X 21,5 cm<\/p>\n","protected":false},"excerpt":{"rendered":"<p>Raquel lleva toda la vida loca por Ares, su atractivo y misterioso vecino. Lo observa sin ser vista desde su ventana y es que, muy a su pesar, no han intercambiado ni una triste palabra. Lo que Raquel no sabe es que eso est\u00e1 a punto de cambiar&#8230;<\/p>\n","protected":false},"featured_media":802,"comment_status":"closed","ping_status":"closed","template":"","meta":[],"product_brand":[],"product_cat":[58,89],"product_tag":[],"class_list":{"0":"post-751","1":"product","2":"type-product","3":"status-publish","4":"has-post-thumbnail","6":"product_cat-juvenil","7":"product_cat-ofertas","9":"first","10":"instock","11":"sale","12":"taxable","13":"shipping-taxable","14":"purchasable","15":"product-type-simple"},"_links":{"self":[{"href":"https:\/\/www.mundilibros.cl\/web\/wp-json\/wp\/v2\/product\/751","targetHints":{"allow":["GET"]}}],"collection":[{"href":"https:\/\/www.mundilibros.cl\/web\/wp-json\/wp\/v2\/product"}],"about":[{"href":"https:\/\/www.mundilibros.cl\/web\/wp-json\/wp\/v2\/types\/product"}],"replies":[{"embeddable":true,"href":"https:\/\/www.mundilibros.cl\/web\/wp-json\/wp\/v2\/comments?post=751"}],"wp:featuredmedia":[{"embeddable":true,"href":"https:\/\/www.mundilibros.cl\/web\/wp-json\/wp\/v2\/media\/802"}],"wp:attachment":[{"href":"https:\/\/www.mundilibros.cl\/web\/wp-json\/wp\/v2\/media?parent=751"}],"wp:term":[{"taxonomy":"product_brand","embeddable":true,"href":"https:\/\/www.mundilibros.cl\/web\/wp-json\/wp\/v2\/product_brand?post=751"},{"taxonomy":"product_cat","embeddable":true,"href":"https:\/\/www.mundilibros.cl\/web\/wp-json\/wp\/v2\/product_cat?post=751"},{"taxonomy":"product_tag","embeddable":true,"href":"https:\/\/www.mundilibros.cl\/web\/wp-json\/wp\/v2\/product_tag?post=751"}],"curies":[{"name":"wp","href":"https:\/\/api.w.org\/{rel}","templated":true}]}}