{"id":752,"date":"2025-11-14T19:06:17","date_gmt":"2025-11-14T19:06:17","guid":{"rendered":"https:\/\/www.mundilibros.cl\/web\/?post_type=product&#038;p=752"},"modified":"2025-11-14T19:07:43","modified_gmt":"2025-11-14T19:07:43","slug":"cementerio-de-animales","status":"publish","type":"product","link":"https:\/\/www.mundilibros.cl\/web\/producto\/cementerio-de-animales\/","title":{"rendered":"CEMENTERIO DE ANIMALES"},"content":{"rendered":"<p align=\"JUSTIFY\">Church estaba all\u00ed otra vez, como Louis Creed tem\u00eda y deseaba. Porque su hijita Ellie le hab\u00eda encomendado que cuidara del gato, y Church hab\u00eda muerto atropellado. Louis lo hab\u00eda comprobado: el gato estaba muerto, incluso lo hab\u00eda enterrado m\u00e1s all\u00e1 del cementerio de animales. Sin embargo, Chruch hab\u00eda regresado, y sus ojos eran m\u00e1s crueles y perversos que antes. Pero volv\u00eda a estar all\u00ed y Ellie no lo lamentar\u00eda.<\/p>\n<p align=\"JUSTIFY\">Louis Creed s\u00ed lo lamentar\u00eda. Porque m\u00e1s all\u00e1 del\u00a0<b><i>cementerio de animales<\/i><\/b>, incluso m\u00e1s all\u00e1 de la valla de troncos que nadie se atrev\u00eda a traspasar y de los cuarenta y cinco escalones, el maligno poder del antiguo cementerio indio lo reclamaba con macabra avidez&#8230;<\/p>\n","protected":false},"excerpt":{"rendered":"<p><b>Louis lo hab\u00eda comprobado: el gato estaba muerto, y por eso lo hab\u00eda enterrado. Aun as\u00ed, incomprensiblemente, el gato hab\u00eda vuelto a casa.<\/b><\/p>\n","protected":false},"featured_media":803,"comment_status":"closed","ping_status":"closed","template":"","meta":[],"product_brand":[],"product_cat":[29],"product_tag":[],"class_list":{"0":"post-752","1":"product","2":"type-product","3":"status-publish","4":"has-post-thumbnail","6":"product_cat-suspenso-terror","8":"first","9":"outofstock","10":"taxable","11":"shipping-taxable","12":"purchasable","13":"product-type-simple"},"_links":{"self":[{"href":"https:\/\/www.mundilibros.cl\/web\/wp-json\/wp\/v2\/product\/752","targetHints":{"allow":["GET"]}}],"collection":[{"href":"https:\/\/www.mundilibros.cl\/web\/wp-json\/wp\/v2\/product"}],"about":[{"href":"https:\/\/www.mundilibros.cl\/web\/wp-json\/wp\/v2\/types\/product"}],"replies":[{"embeddable":true,"href":"https:\/\/www.mundilibros.cl\/web\/wp-json\/wp\/v2\/comments?post=752"}],"wp:featuredmedia":[{"embeddable":true,"href":"https:\/\/www.mundilibros.cl\/web\/wp-json\/wp\/v2\/media\/803"}],"wp:attachment":[{"href":"https:\/\/www.mundilibros.cl\/web\/wp-json\/wp\/v2\/media?parent=752"}],"wp:term":[{"taxonomy":"product_brand","embeddable":true,"href":"https:\/\/www.mundilibros.cl\/web\/wp-json\/wp\/v2\/product_brand?post=752"},{"taxonomy":"product_cat","embeddable":true,"href":"https:\/\/www.mundilibros.cl\/web\/wp-json\/wp\/v2\/product_cat?post=752"},{"taxonomy":"product_tag","embeddable":true,"href":"https:\/\/www.mundilibros.cl\/web\/wp-json\/wp\/v2\/product_tag?post=752"}],"curies":[{"name":"wp","href":"https:\/\/api.w.org\/{rel}","templated":true}]}}