{"id":753,"date":"2025-11-14T19:06:17","date_gmt":"2025-11-14T19:06:17","guid":{"rendered":"https:\/\/www.mundilibros.cl\/web\/?post_type=product&#038;p=753"},"modified":"2025-11-27T19:56:42","modified_gmt":"2025-11-27T19:56:42","slug":"pack-harry-potter-caja-7-tomos","status":"publish","type":"product","link":"https:\/\/www.mundilibros.cl\/web\/producto\/pack-harry-potter-caja-7-tomos\/","title":{"rendered":"PACK HARRY POTTER CAJA 7 TOMOS"},"content":{"rendered":"<p align=\"JUSTIFY\">Salamandra presenta la saga de\u00a0<b>\u00abHarry Potter\u00bb<\/b>\u00a0en una edici\u00f3n renovada y \u00fanica en un estuche con las siete novelas de\u00a0<b>Harry Potter<\/b>.<\/p>\n<p align=\"JUSTIFY\">Con el redise\u00f1o de cubierta a cargo del galardonado ilustrador\u00a0<i>Jonny Duddle<\/i>, estos libros son una nueva propuesta, muy atractiva, para acercar\u00a0<b>Harry Potter<\/b>\u00a0a todos los p\u00fablicos: desde coleccionistas hasta los lectores m\u00e1s j\u00f3venes.<\/p>\n","protected":false},"excerpt":{"rendered":"<p><b>La colecci\u00f3n completa de los libros de\u00a0<i>Harry Potter<\/i>, la saga m\u00e1s m\u00e1gica de todos los tiempos.<\/b><\/p>\n","protected":false},"featured_media":810,"comment_status":"closed","ping_status":"closed","template":"","meta":[],"product_brand":[],"product_cat":[58],"product_tag":[],"class_list":{"0":"post-753","1":"product","2":"type-product","3":"status-publish","4":"has-post-thumbnail","6":"product_cat-juvenil","8":"first","9":"instock","10":"taxable","11":"shipping-taxable","12":"purchasable","13":"product-type-simple"},"_links":{"self":[{"href":"https:\/\/www.mundilibros.cl\/web\/wp-json\/wp\/v2\/product\/753","targetHints":{"allow":["GET"]}}],"collection":[{"href":"https:\/\/www.mundilibros.cl\/web\/wp-json\/wp\/v2\/product"}],"about":[{"href":"https:\/\/www.mundilibros.cl\/web\/wp-json\/wp\/v2\/types\/product"}],"replies":[{"embeddable":true,"href":"https:\/\/www.mundilibros.cl\/web\/wp-json\/wp\/v2\/comments?post=753"}],"wp:featuredmedia":[{"embeddable":true,"href":"https:\/\/www.mundilibros.cl\/web\/wp-json\/wp\/v2\/media\/810"}],"wp:attachment":[{"href":"https:\/\/www.mundilibros.cl\/web\/wp-json\/wp\/v2\/media?parent=753"}],"wp:term":[{"taxonomy":"product_brand","embeddable":true,"href":"https:\/\/www.mundilibros.cl\/web\/wp-json\/wp\/v2\/product_brand?post=753"},{"taxonomy":"product_cat","embeddable":true,"href":"https:\/\/www.mundilibros.cl\/web\/wp-json\/wp\/v2\/product_cat?post=753"},{"taxonomy":"product_tag","embeddable":true,"href":"https:\/\/www.mundilibros.cl\/web\/wp-json\/wp\/v2\/product_tag?post=753"}],"curies":[{"name":"wp","href":"https:\/\/api.w.org\/{rel}","templated":true}]}}