{"id":767,"date":"2025-11-14T19:06:39","date_gmt":"2025-11-14T19:06:39","guid":{"rendered":"https:\/\/www.mundilibros.cl\/web\/?post_type=product&#038;p=767"},"modified":"2025-11-14T19:08:00","modified_gmt":"2025-11-14T19:08:00","slug":"nombre-del-viento-tapa-dura","status":"publish","type":"product","link":"https:\/\/www.mundilibros.cl\/web\/producto\/nombre-del-viento-tapa-dura\/","title":{"rendered":"NOMBRE DEL VIENTO TAPA DURA"},"content":{"rendered":"<p>En una posada en tierra de nadie, un hombre se dispone a relatar, por primera vez, la aut\u00e9ntica historia de su vida. Una historia que \u00fanicamente \u00e9l conoce y que ha quedado diluida tras los rumores, las conjeturas y los cuentos de taberna que lo han convertido en un personaje legendario a quien todos daban ya por muerto: \u00abKvothe\u00bb m\u00fasico, mendigo, ladr\u00f3n, estudiante, mago, h\u00e9roe y asesino. Ahora va a revelar la verdad sobre s\u00ed mismo. Y para ello debe empezar por el principio: su infancia en una troupe de artistas itinerantes, los a\u00f1os como ladronzuelo en las calles de una gran ciudad y su llegada a una universidad donde esperaba encontrar todas las respuestas que hab\u00eda estado buscando.At\u00edpica, profunda y sincera, El nombre del viento es una novela de aventuras, de historias dentro de otras historias, de misterio, de amistad, de amor, de magia y de superaci\u00f3n, escrita con la mano de un poeta y que ha deslumbrado \u00abpor su originalidad y la maestr\u00eda con que est\u00e1 narrada\u00bb a todos los que la han le\u00eddo.<\/p>\n<p>formato Tapa Dura<br \/>\nnro de paginas : 944<br \/>\nmedidas : 16 x 24 cms<\/p>\n","protected":false},"excerpt":{"rendered":"<p><strong>En una posada en tierra de nadie, un hombre se dispone a relatar, por primera vez, la aut\u00e9ntica historia de su vida. Una historia que \u00fanicamente \u00e9l conoce<\/strong><\/p>\n","protected":false},"featured_media":815,"comment_status":"closed","ping_status":"closed","template":"","meta":[],"product_brand":[],"product_cat":[65],"product_tag":[],"class_list":{"0":"post-767","1":"product","2":"type-product","3":"status-publish","4":"has-post-thumbnail","6":"product_cat-narrativa-fantastica","8":"first","9":"outofstock","10":"sale","11":"taxable","12":"shipping-taxable","13":"purchasable","14":"product-type-simple"},"_links":{"self":[{"href":"https:\/\/www.mundilibros.cl\/web\/wp-json\/wp\/v2\/product\/767","targetHints":{"allow":["GET"]}}],"collection":[{"href":"https:\/\/www.mundilibros.cl\/web\/wp-json\/wp\/v2\/product"}],"about":[{"href":"https:\/\/www.mundilibros.cl\/web\/wp-json\/wp\/v2\/types\/product"}],"replies":[{"embeddable":true,"href":"https:\/\/www.mundilibros.cl\/web\/wp-json\/wp\/v2\/comments?post=767"}],"wp:featuredmedia":[{"embeddable":true,"href":"https:\/\/www.mundilibros.cl\/web\/wp-json\/wp\/v2\/media\/815"}],"wp:attachment":[{"href":"https:\/\/www.mundilibros.cl\/web\/wp-json\/wp\/v2\/media?parent=767"}],"wp:term":[{"taxonomy":"product_brand","embeddable":true,"href":"https:\/\/www.mundilibros.cl\/web\/wp-json\/wp\/v2\/product_brand?post=767"},{"taxonomy":"product_cat","embeddable":true,"href":"https:\/\/www.mundilibros.cl\/web\/wp-json\/wp\/v2\/product_cat?post=767"},{"taxonomy":"product_tag","embeddable":true,"href":"https:\/\/www.mundilibros.cl\/web\/wp-json\/wp\/v2\/product_tag?post=767"}],"curies":[{"name":"wp","href":"https:\/\/api.w.org\/{rel}","templated":true}]}}