{"id":779,"date":"2025-11-14T19:07:00","date_gmt":"2025-11-14T19:07:00","guid":{"rendered":"https:\/\/www.mundilibros.cl\/web\/?post_type=product&#038;p=779"},"modified":"2025-11-14T19:08:08","modified_gmt":"2025-11-14T19:08:08","slug":"astrologia-karmatica","status":"publish","type":"product","link":"https:\/\/www.mundilibros.cl\/web\/producto\/astrologia-karmatica\/","title":{"rendered":"ASTROLOG\u00cdA KARM\u00c1TICA"},"content":{"rendered":"<p>Casi todo el mundo ha escuchado hablar del karma, pero pocos saben qu\u00e9 es realmente.<\/p>\n<p>Cuando obramos mal, ya sea deseando que nuestro compa\u00f1ero de trabajo se caiga por la\u00a0escalera y se ausente por un par de semanas para tener un respiro de sus malos tratos, o\u00a0cuando vemos que a un transe\u00fante se le cae un billete del bolsillo pero guardamos silencio\u00a0y lo recogemos porque estamos sobregirados en la l\u00ednea de cr\u00e9dito, nos suelen decir que el\u00a0karma \u2212esta ominosa palabra que suena a maldici\u00f3n\u2212 vendr\u00e1 por nosotros y nos golpear\u00e1\u00a0tres veces peor. \u00bfPero cu\u00e1nta verdad hay detr\u00e1s de esta creencia popular?<\/p>\n<p>Consuelo Ulloa, autora del exitoso libro Astrolog\u00eda para tiempos dif\u00edciles, sabe que mucho de\u00a0lo que nos han ense\u00f1ado sobre el karma busca responsabilizarnos de cada experiencia traum\u00e1tica\u00a0que nos ocurre, \u00a1como si aguantar a una pareja t\u00f3xica o a un gobierno opresor fuera\u00a0culpa nuestra! \u00a1No, se\u00f1or! Astrolog\u00eda karm\u00e1tica, la gu\u00eda para el esp\u00edritu y el cambio social es\u00a0un recorrido hist\u00f3rico y astrol\u00f3gico que desmenuza uno de los misterios m\u00e1s grandes que la\u00a0cultura oriental nos ha dejado como legado y que, sin duda, te ayudar\u00e1 en el d\u00eda a d\u00eda si sabes\u00a0d\u00f3nde, cu\u00e1ndo y c\u00f3mo utilizarlo<\/p>\n","protected":false},"excerpt":{"rendered":"<div class=\"frase-mkt\">\n<h3>Una gu\u00eda para entender tu karma\u00a0sin sufrir en el intento.<\/h3>\n<\/div>\n<h3>Casi todo el mundo ha escuchado hablar del karma, pero pocos saben qu\u00e9 es realmente.<\/h3>\n","protected":false},"featured_media":835,"comment_status":"closed","ping_status":"closed","template":"","meta":[],"product_brand":[],"product_cat":[46],"product_tag":[],"class_list":{"0":"post-779","1":"product","2":"type-product","3":"status-publish","4":"has-post-thumbnail","6":"product_cat-autoayuda","8":"first","9":"outofstock","10":"taxable","11":"shipping-taxable","12":"purchasable","13":"product-type-simple"},"_links":{"self":[{"href":"https:\/\/www.mundilibros.cl\/web\/wp-json\/wp\/v2\/product\/779","targetHints":{"allow":["GET"]}}],"collection":[{"href":"https:\/\/www.mundilibros.cl\/web\/wp-json\/wp\/v2\/product"}],"about":[{"href":"https:\/\/www.mundilibros.cl\/web\/wp-json\/wp\/v2\/types\/product"}],"replies":[{"embeddable":true,"href":"https:\/\/www.mundilibros.cl\/web\/wp-json\/wp\/v2\/comments?post=779"}],"wp:featuredmedia":[{"embeddable":true,"href":"https:\/\/www.mundilibros.cl\/web\/wp-json\/wp\/v2\/media\/835"}],"wp:attachment":[{"href":"https:\/\/www.mundilibros.cl\/web\/wp-json\/wp\/v2\/media?parent=779"}],"wp:term":[{"taxonomy":"product_brand","embeddable":true,"href":"https:\/\/www.mundilibros.cl\/web\/wp-json\/wp\/v2\/product_brand?post=779"},{"taxonomy":"product_cat","embeddable":true,"href":"https:\/\/www.mundilibros.cl\/web\/wp-json\/wp\/v2\/product_cat?post=779"},{"taxonomy":"product_tag","embeddable":true,"href":"https:\/\/www.mundilibros.cl\/web\/wp-json\/wp\/v2\/product_tag?post=779"}],"curies":[{"name":"wp","href":"https:\/\/api.w.org\/{rel}","templated":true}]}}