{"id":780,"date":"2025-11-14T19:07:00","date_gmt":"2025-11-14T19:07:00","guid":{"rendered":"https:\/\/www.mundilibros.cl\/web\/?post_type=product&#038;p=780"},"modified":"2025-11-14T19:08:08","modified_gmt":"2025-11-14T19:08:08","slug":"poesia-sin-fin","status":"publish","type":"product","link":"https:\/\/www.mundilibros.cl\/web\/producto\/poesia-sin-fin\/","title":{"rendered":"POESIA SIN FIN"},"content":{"rendered":"<p>Yo no creo en la revoluci\u00f3n pol\u00edtica, yo creo en la re-evoluci\u00f3n po\u00e9tica. La poes\u00eda salvar\u00e1 al mundo, es decir, la belleza, porque todos los problemas son por fealdad.\u00bb<br \/>\nAlejandro Jodorowsky<\/p>\n<p>La poes\u00eda y el esfuerzo por expandir la imaginaci\u00f3n han sido una constante en la trayectoria art\u00edstica de Alejandro Jodorowsky desde sus inicios en el Chile de mediados del siglo pasado. De ah\u00ed que el presente volumen de poes\u00eda completa, que integra los poemarios existentes y algunos versos in\u00e9ditos, sea el m\u00e1s \u00edntimo y germinal de su obra.<\/p>\n<p>Un libro exquisito que pasea al lector desde sus poemas de raigambre tao\u00edsta hasta un recuperado espect\u00e1culo po\u00e9tico conceptual del M\u00e9xico de los sesenta, pasado por sus sue\u00f1os felices, sus canciones, el Tarot y cada una de las influencias de este maestro de la palabra.<\/p>\n<p>paginas: 480<br \/>\nMedidas: 12,5 X 19 cm<\/p>\n","protected":false},"excerpt":{"rendered":"<p>La poes\u00eda y el esfuerzo por expandir la imaginaci\u00f3n han sido una constante en la trayectoria art\u00edstica de Alejandro Jodorowsky desde sus inicios en el Chile de mediados del siglo pasado<\/p>\n","protected":false},"featured_media":836,"comment_status":"closed","ping_status":"closed","template":"","meta":[],"product_brand":[],"product_cat":[46,89],"product_tag":[],"class_list":{"0":"post-780","1":"product","2":"type-product","3":"status-publish","4":"has-post-thumbnail","6":"product_cat-autoayuda","7":"product_cat-ofertas","9":"first","10":"instock","11":"sale","12":"taxable","13":"shipping-taxable","14":"purchasable","15":"product-type-simple"},"_links":{"self":[{"href":"https:\/\/www.mundilibros.cl\/web\/wp-json\/wp\/v2\/product\/780","targetHints":{"allow":["GET"]}}],"collection":[{"href":"https:\/\/www.mundilibros.cl\/web\/wp-json\/wp\/v2\/product"}],"about":[{"href":"https:\/\/www.mundilibros.cl\/web\/wp-json\/wp\/v2\/types\/product"}],"replies":[{"embeddable":true,"href":"https:\/\/www.mundilibros.cl\/web\/wp-json\/wp\/v2\/comments?post=780"}],"wp:featuredmedia":[{"embeddable":true,"href":"https:\/\/www.mundilibros.cl\/web\/wp-json\/wp\/v2\/media\/836"}],"wp:attachment":[{"href":"https:\/\/www.mundilibros.cl\/web\/wp-json\/wp\/v2\/media?parent=780"}],"wp:term":[{"taxonomy":"product_brand","embeddable":true,"href":"https:\/\/www.mundilibros.cl\/web\/wp-json\/wp\/v2\/product_brand?post=780"},{"taxonomy":"product_cat","embeddable":true,"href":"https:\/\/www.mundilibros.cl\/web\/wp-json\/wp\/v2\/product_cat?post=780"},{"taxonomy":"product_tag","embeddable":true,"href":"https:\/\/www.mundilibros.cl\/web\/wp-json\/wp\/v2\/product_tag?post=780"}],"curies":[{"name":"wp","href":"https:\/\/api.w.org\/{rel}","templated":true}]}}