{"id":790,"date":"2025-11-14T19:07:22","date_gmt":"2025-11-14T19:07:22","guid":{"rendered":"https:\/\/www.mundilibros.cl\/web\/?post_type=product&#038;p=790"},"modified":"2025-11-14T19:08:09","modified_gmt":"2025-11-14T19:08:09","slug":"libro-de-los-espiritus","status":"publish","type":"product","link":"https:\/\/www.mundilibros.cl\/web\/producto\/libro-de-los-espiritus\/","title":{"rendered":"LIBRO DE LOS ESPIRITUS"},"content":{"rendered":"<p>Allan Kardec, cuyo verdadero nombre fue Le\u00f3n Hippolyte Rivail, naci\u00f3 en Lyon en 1804 y muri\u00f3 en Par\u00eds en 1869. Su vida la dedic\u00f3 a promover y modificar la ciencia espiritista tratando de dar al espiritismo el car\u00e1cter grave que es su esencia y evitar que fuera objeto de ocupaci\u00f3n fr\u00edvola y de diversi\u00f3n. Trat\u00f3 de que el espiritismo entrara por la v\u00eda filos\u00f3fica y fuera apreciado por las gentes ilustradas. Sus obras principales son El evangelio seg\u00fan el espiritismo, El libro de los Esp\u00edritus y El libro de los m\u00e9diums. El libro de los esp\u00edritus, una de las obras m\u00e1s significativas de Allan Kardec, contiene toda la doctrina espiritista, cuyos principios son las relaciones del mundo material con los Esp\u00edritus o seres del mundo invisible. Principios que, como dijo el mismo Allan Kardec, no se deben a \u00e9l sino a los mismos Esp\u00edritus que los dictaron.<\/p>\n<p>&nbsp;<\/p>\n","protected":false},"excerpt":{"rendered":"<h4>El libro de los esp\u00edritus, una de las obras m\u00e1s significativas de Allan Kardec, contiene toda la doctrina espiritista<\/h4>\n","protected":false},"featured_media":838,"comment_status":"closed","ping_status":"closed","template":"","meta":[],"product_brand":[],"product_cat":[161],"product_tag":[],"class_list":{"0":"post-790","1":"product","2":"type-product","3":"status-publish","4":"has-post-thumbnail","6":"product_cat-ciencias-alternativas","8":"first","9":"outofstock","10":"taxable","11":"shipping-taxable","12":"purchasable","13":"product-type-simple"},"_links":{"self":[{"href":"https:\/\/www.mundilibros.cl\/web\/wp-json\/wp\/v2\/product\/790","targetHints":{"allow":["GET"]}}],"collection":[{"href":"https:\/\/www.mundilibros.cl\/web\/wp-json\/wp\/v2\/product"}],"about":[{"href":"https:\/\/www.mundilibros.cl\/web\/wp-json\/wp\/v2\/types\/product"}],"replies":[{"embeddable":true,"href":"https:\/\/www.mundilibros.cl\/web\/wp-json\/wp\/v2\/comments?post=790"}],"wp:featuredmedia":[{"embeddable":true,"href":"https:\/\/www.mundilibros.cl\/web\/wp-json\/wp\/v2\/media\/838"}],"wp:attachment":[{"href":"https:\/\/www.mundilibros.cl\/web\/wp-json\/wp\/v2\/media?parent=790"}],"wp:term":[{"taxonomy":"product_brand","embeddable":true,"href":"https:\/\/www.mundilibros.cl\/web\/wp-json\/wp\/v2\/product_brand?post=790"},{"taxonomy":"product_cat","embeddable":true,"href":"https:\/\/www.mundilibros.cl\/web\/wp-json\/wp\/v2\/product_cat?post=790"},{"taxonomy":"product_tag","embeddable":true,"href":"https:\/\/www.mundilibros.cl\/web\/wp-json\/wp\/v2\/product_tag?post=790"}],"curies":[{"name":"wp","href":"https:\/\/api.w.org\/{rel}","templated":true}]}}