{"id":806,"date":"2025-11-14T19:07:44","date_gmt":"2025-11-14T19:07:44","guid":{"rendered":"https:\/\/www.mundilibros.cl\/web\/?post_type=product&#038;p=806"},"modified":"2025-11-14T19:08:41","modified_gmt":"2025-11-14T19:08:41","slug":"nino-rico-nino-listo","status":"publish","type":"product","link":"https:\/\/www.mundilibros.cl\/web\/producto\/nino-rico-nino-listo\/","title":{"rendered":"NI\u00d1O RICO, NI\u00d1O LISTO"},"content":{"rendered":"<p>En la Era de la Informaci\u00f3n, una buena educaci\u00f3n es m\u00e1s importante que nunca. Sin embargo, los sistemas educativos tradicionales no suelen brindar todo lo que su ni\u00f1o necesita. Este libro fue dise\u00f1ado para llenar esos vac\u00edos, y le ayudar\u00e1 a proporcionar a sus hijos la sabidur\u00eda financiera pr\u00e1ctica que el autor, Robert T. Kiyosaki, obtuvo de su padre rico.<\/p>\n<p>Ni\u00f1o Rico, Ni\u00f1o Listo le mostrar\u00e1 c\u00f3mo despertar en sus peque\u00f1os el amor por el aprendizaje, utilizando los mismos m\u00e9todos que el inteligente padre rico us\u00f3 para que Kiyosaki continuara con sus estudios a pesar de que ten\u00eda malas calificaciones y pretend\u00eda abandonar la escuela. Adem\u00e1s, esta obra abrir\u00e1 a sus hijos puertas que usted ni siquiera sab\u00eda que exist\u00edan, mismas que le permitir\u00e1n comprender los mecanismos de las finanzas, el dinero y las inversiones, d\u00e1ndoles una ventaja competitiva para el resto de sus vidas.<\/p>\n","protected":false},"excerpt":{"rendered":"<p><b><i>Ni\u00f1o Rico, Ni\u00f1o Listo<\/i>\u00a0ha sido escrito para los padres que valoran la educaci\u00f3n, que quieren brindar a sus hijos bases financieras s\u00f3lidas<\/b><\/p>\n","protected":false},"featured_media":859,"comment_status":"closed","ping_status":"closed","template":"","meta":[],"product_brand":[],"product_cat":[46,87],"product_tag":[],"class_list":{"0":"post-806","1":"product","2":"type-product","3":"status-publish","4":"has-post-thumbnail","6":"product_cat-autoayuda","7":"product_cat-negocios","9":"first","10":"outofstock","11":"taxable","12":"shipping-taxable","13":"purchasable","14":"product-type-simple"},"_links":{"self":[{"href":"https:\/\/www.mundilibros.cl\/web\/wp-json\/wp\/v2\/product\/806","targetHints":{"allow":["GET"]}}],"collection":[{"href":"https:\/\/www.mundilibros.cl\/web\/wp-json\/wp\/v2\/product"}],"about":[{"href":"https:\/\/www.mundilibros.cl\/web\/wp-json\/wp\/v2\/types\/product"}],"replies":[{"embeddable":true,"href":"https:\/\/www.mundilibros.cl\/web\/wp-json\/wp\/v2\/comments?post=806"}],"wp:featuredmedia":[{"embeddable":true,"href":"https:\/\/www.mundilibros.cl\/web\/wp-json\/wp\/v2\/media\/859"}],"wp:attachment":[{"href":"https:\/\/www.mundilibros.cl\/web\/wp-json\/wp\/v2\/media?parent=806"}],"wp:term":[{"taxonomy":"product_brand","embeddable":true,"href":"https:\/\/www.mundilibros.cl\/web\/wp-json\/wp\/v2\/product_brand?post=806"},{"taxonomy":"product_cat","embeddable":true,"href":"https:\/\/www.mundilibros.cl\/web\/wp-json\/wp\/v2\/product_cat?post=806"},{"taxonomy":"product_tag","embeddable":true,"href":"https:\/\/www.mundilibros.cl\/web\/wp-json\/wp\/v2\/product_tag?post=806"}],"curies":[{"name":"wp","href":"https:\/\/api.w.org\/{rel}","templated":true}]}}