{"id":808,"date":"2025-11-14T19:07:44","date_gmt":"2025-11-14T19:07:44","guid":{"rendered":"https:\/\/www.mundilibros.cl\/web\/?post_type=product&#038;p=808"},"modified":"2025-11-14T19:08:46","modified_gmt":"2025-11-14T19:08:46","slug":"gambito-de-dama","status":"publish","type":"product","link":"https:\/\/www.mundilibros.cl\/web\/producto\/gambito-de-dama\/","title":{"rendered":"GAMBITO DE DAMA"},"content":{"rendered":"<p align=\"JUSTIFY\">Desde su primera publicaci\u00f3n en 1983, esta novela se convirti\u00f3 en un libro de culto para ajedrecistas en particular y amantes de la gran novela americana en general. Un secreto que de repente explot\u00f3 a finales de 2020 con el estreno de la serie basada en esta historia, conquistando en tiempo r\u00e9cord al mundo entero. Beth Harmon, la protagonista, es ya un icono en la mente de los millones de fans de\u00a0<i>Gambito de dama<\/i>: hu\u00e9rfana, solitaria, politoxic\u00f3mana, competitiva, fr\u00e1gil, genial. Una Mozart del ajedrez cuya inteligencia le brinda tantos \u00e9xitos como problemas.<\/p>\n<p align=\"JUSTIFY\">\n<p align=\"JUSTIFY\">Esta novela, adictiva, trepidante, y con una tensi\u00f3n que no decae en cada partida, en cada viaje, en cada momento de abandono de la protagonista, que siempre oscila entre el \u00e9xito y el abismo, se quedar\u00e1 en el coraz\u00f3n de los lectores. Y les servir\u00e1 adem\u00e1s como introducci\u00f3n al mundo del ajedrez, que, como Beth Harmon, parece tranquilo y accesible, pero contiene debajo todo un volc\u00e1n de pasiones y peligros.<\/p>\n","protected":false},"excerpt":{"rendered":"<p><b>La serie de hoy. El libro del momento. <\/b><b>El personaje de tu vida.<\/b><\/p>\n","protected":false},"featured_media":861,"comment_status":"closed","ping_status":"closed","template":"","meta":[],"product_brand":[],"product_cat":[25],"product_tag":[],"class_list":{"0":"post-808","1":"product","2":"type-product","3":"status-publish","4":"has-post-thumbnail","6":"product_cat-novelas","8":"first","9":"outofstock","10":"sale","11":"taxable","12":"shipping-taxable","13":"purchasable","14":"product-type-simple"},"_links":{"self":[{"href":"https:\/\/www.mundilibros.cl\/web\/wp-json\/wp\/v2\/product\/808","targetHints":{"allow":["GET"]}}],"collection":[{"href":"https:\/\/www.mundilibros.cl\/web\/wp-json\/wp\/v2\/product"}],"about":[{"href":"https:\/\/www.mundilibros.cl\/web\/wp-json\/wp\/v2\/types\/product"}],"replies":[{"embeddable":true,"href":"https:\/\/www.mundilibros.cl\/web\/wp-json\/wp\/v2\/comments?post=808"}],"wp:featuredmedia":[{"embeddable":true,"href":"https:\/\/www.mundilibros.cl\/web\/wp-json\/wp\/v2\/media\/861"}],"wp:attachment":[{"href":"https:\/\/www.mundilibros.cl\/web\/wp-json\/wp\/v2\/media?parent=808"}],"wp:term":[{"taxonomy":"product_brand","embeddable":true,"href":"https:\/\/www.mundilibros.cl\/web\/wp-json\/wp\/v2\/product_brand?post=808"},{"taxonomy":"product_cat","embeddable":true,"href":"https:\/\/www.mundilibros.cl\/web\/wp-json\/wp\/v2\/product_cat?post=808"},{"taxonomy":"product_tag","embeddable":true,"href":"https:\/\/www.mundilibros.cl\/web\/wp-json\/wp\/v2\/product_tag?post=808"}],"curies":[{"name":"wp","href":"https:\/\/api.w.org\/{rel}","templated":true}]}}