{"id":825,"date":"2025-11-14T19:08:05","date_gmt":"2025-11-14T19:08:05","guid":{"rendered":"https:\/\/www.mundilibros.cl\/web\/?post_type=product&#038;p=825"},"modified":"2025-11-14T19:08:52","modified_gmt":"2025-11-14T19:08:52","slug":"el-viaje-de-cilka","status":"publish","type":"product","link":"https:\/\/www.mundilibros.cl\/web\/producto\/el-viaje-de-cilka\/","title":{"rendered":"EL VIAJE DE CILKA"},"content":{"rendered":"<p><strong>La belleza fue su condena y el amor su salvaci\u00f3n<\/strong><\/p>\n<p>Con solo diecis\u00e9is a\u00f1os, la prisionera jud\u00eda Cilka Klein fue convertida\u00a0en la concubina de uno de los comandantes de Auschwitz- Birkenau. Se salv\u00f3 de morir de hambre, enfermedad o en las c\u00e1maras de gas, pero, tras la liberaci\u00f3n, fue acusada de colaboradora y esp\u00eda ante la NKVD, la brutal polic\u00eda secreta sovi\u00e9tica. Y as\u00ed, por segunda vez en tres a\u00f1os, Cilka se encuentra de nuevo hacinada en un tren de ganado que la transportar\u00e1 a Vorkuta, el gulag de Siberia situado a noventa y nueve millas del C\u00edrculo en el que deber\u00e1 cumplir con m\u00e1s de diez a\u00f1os de condena de trabajos forzados. Por fortuna, Cilka consigue convertirse\u00a0en ayudante en la enfermer\u00eda del gulag y all\u00ed conocer\u00e1 a Ivan Kovac, convaleciente a causa del maltrato y la desnutrici\u00f3n, y poco a poco se enamoran. Cilka descubrir\u00e1 su capacidad humana para el amor, la generosidad y la supervivencia, y lograr\u00e1 mantener viva la esperanza en este terrible y desolado lugar.<\/p>\n","protected":false},"excerpt":{"rendered":"<p><strong>Una novela basada en una extraordinaria historia real de amor y supervivencia.<br \/>\n<\/strong><\/p>\n","protected":false},"featured_media":878,"comment_status":"closed","ping_status":"closed","template":"","meta":[],"product_brand":[],"product_cat":[34],"product_tag":[],"class_list":{"0":"post-825","1":"product","2":"type-product","3":"status-publish","4":"has-post-thumbnail","6":"product_cat-novela-historica","8":"first","9":"outofstock","10":"sale","11":"taxable","12":"shipping-taxable","13":"purchasable","14":"product-type-simple"},"_links":{"self":[{"href":"https:\/\/www.mundilibros.cl\/web\/wp-json\/wp\/v2\/product\/825","targetHints":{"allow":["GET"]}}],"collection":[{"href":"https:\/\/www.mundilibros.cl\/web\/wp-json\/wp\/v2\/product"}],"about":[{"href":"https:\/\/www.mundilibros.cl\/web\/wp-json\/wp\/v2\/types\/product"}],"replies":[{"embeddable":true,"href":"https:\/\/www.mundilibros.cl\/web\/wp-json\/wp\/v2\/comments?post=825"}],"wp:featuredmedia":[{"embeddable":true,"href":"https:\/\/www.mundilibros.cl\/web\/wp-json\/wp\/v2\/media\/878"}],"wp:attachment":[{"href":"https:\/\/www.mundilibros.cl\/web\/wp-json\/wp\/v2\/media?parent=825"}],"wp:term":[{"taxonomy":"product_brand","embeddable":true,"href":"https:\/\/www.mundilibros.cl\/web\/wp-json\/wp\/v2\/product_brand?post=825"},{"taxonomy":"product_cat","embeddable":true,"href":"https:\/\/www.mundilibros.cl\/web\/wp-json\/wp\/v2\/product_cat?post=825"},{"taxonomy":"product_tag","embeddable":true,"href":"https:\/\/www.mundilibros.cl\/web\/wp-json\/wp\/v2\/product_tag?post=825"}],"curies":[{"name":"wp","href":"https:\/\/api.w.org\/{rel}","templated":true}]}}