{"id":826,"date":"2025-11-14T19:08:05","date_gmt":"2025-11-14T19:08:05","guid":{"rendered":"https:\/\/www.mundilibros.cl\/web\/?post_type=product&#038;p=826"},"modified":"2025-11-14T19:08:52","modified_gmt":"2025-11-14T19:08:52","slug":"la-razon-de-estar-contigo-2-un-nuevo-viaje","status":"publish","type":"product","link":"https:\/\/www.mundilibros.cl\/web\/producto\/la-razon-de-estar-contigo-2-un-nuevo-viaje\/","title":{"rendered":"LA RAZON DE ESTAR CONTIGO 2 UN NUEVO VIAJE"},"content":{"rendered":"<p align=\"JUSTIFY\">Buddy es un buen perro. Tras la b\u00fasqueda de sus prop\u00f3sitos de vida por medio de distintas reencarnaciones, est\u00e1 seguro de haber encontrado una nueva vida que lo completa. Mientras observa con curiosidad a la peque\u00f1a Clarity -un beb\u00e9 que siempre est\u00e1 haciendo peligrosas travesuras-, est\u00e1 convencido de que es la ni\u00f1a ideal para esta nueva etapa.<\/p>\n<p align=\"JUSTIFY\">Cuando Buddy reencarna una vez m\u00e1s, descubre que tiene un nuevo destino. Es feliz porque vuelve a ser adoptado por Clarity, ahora una en\u00e9rgica y problem\u00e1tica adolescente. De pronto los separan, y Buddy se pregunta qui\u00e9n se encargar\u00e1 de cuidarla.<\/p>\n","protected":false},"excerpt":{"rendered":"<p><b>Una cautivadora historia de amor, esperanza y entrega, que har\u00e1 que nos planteemos si cuidamos nosotros de nuestras mascotas<\/b><\/p>\n","protected":false},"featured_media":879,"comment_status":"closed","ping_status":"closed","template":"","meta":[],"product_brand":[],"product_cat":[25],"product_tag":[],"class_list":{"0":"post-826","1":"product","2":"type-product","3":"status-publish","4":"has-post-thumbnail","6":"product_cat-novelas","8":"first","9":"outofstock","10":"sale","11":"taxable","12":"shipping-taxable","13":"purchasable","14":"product-type-simple"},"_links":{"self":[{"href":"https:\/\/www.mundilibros.cl\/web\/wp-json\/wp\/v2\/product\/826","targetHints":{"allow":["GET"]}}],"collection":[{"href":"https:\/\/www.mundilibros.cl\/web\/wp-json\/wp\/v2\/product"}],"about":[{"href":"https:\/\/www.mundilibros.cl\/web\/wp-json\/wp\/v2\/types\/product"}],"replies":[{"embeddable":true,"href":"https:\/\/www.mundilibros.cl\/web\/wp-json\/wp\/v2\/comments?post=826"}],"wp:featuredmedia":[{"embeddable":true,"href":"https:\/\/www.mundilibros.cl\/web\/wp-json\/wp\/v2\/media\/879"}],"wp:attachment":[{"href":"https:\/\/www.mundilibros.cl\/web\/wp-json\/wp\/v2\/media?parent=826"}],"wp:term":[{"taxonomy":"product_brand","embeddable":true,"href":"https:\/\/www.mundilibros.cl\/web\/wp-json\/wp\/v2\/product_brand?post=826"},{"taxonomy":"product_cat","embeddable":true,"href":"https:\/\/www.mundilibros.cl\/web\/wp-json\/wp\/v2\/product_cat?post=826"},{"taxonomy":"product_tag","embeddable":true,"href":"https:\/\/www.mundilibros.cl\/web\/wp-json\/wp\/v2\/product_tag?post=826"}],"curies":[{"name":"wp","href":"https:\/\/api.w.org\/{rel}","templated":true}]}}