{"id":829,"date":"2025-11-14T19:08:05","date_gmt":"2025-11-14T19:08:05","guid":{"rendered":"https:\/\/www.mundilibros.cl\/web\/?post_type=product&#038;p=829"},"modified":"2025-12-21T18:31:16","modified_gmt":"2025-12-21T18:31:16","slug":"el-kybalion-de-hermes-trismegisto","status":"publish","type":"product","link":"https:\/\/www.mundilibros.cl\/web\/producto\/el-kybalion-de-hermes-trismegisto\/","title":{"rendered":"EL KYBALI\u00d3N DE HERMES TRISMEGISTO"},"content":{"rendered":"<p>\u00abNing\u00fan conocimiento oculto ha sido tan celosamente guardado como los fragmentos de las ense\u00f1anzas herm\u00e9ticas, los que han llegado hasta nosotros a trav\u00e9s de las centurias transcurridas desde los tiempos del Gran Fundador, Hermes Trismegisto, \u00abel elegido de los dioses\u00bb, quien muri\u00f3 en el Antiguo Egipto, cuando la raza actual estaba en su infancia.\u00bb Es estas palabras se resume lo que es El Kybali\u00f3n: nada menos que la obra cumbre del ocultismo universal. La obra de Hermes es la pr\u00edstina alfaguara de donde brotan las aguas de la gran verdad espiritual que han hecho germinar tantas y tan extra\u00f1as religiones y mitolog\u00edas a lo largo de la historia. Mas a pesar de estas variaciones exot\u00e9ricas y corruptibles, la verdad original ense\u00f1ada por Hermes, esot\u00e9rica e incorruptible, ha sido guardada intacta, en su pureza primitiva, por un reducido n\u00famero de hombres que en cada \u00e9poca reservaron su conocimiento para aquellos que estaban prontos para comprenderlo.<\/p>\n","protected":false},"excerpt":{"rendered":"<p><strong>Una obra cumbre del ocultismo universal<\/strong><\/p>\n","protected":false},"featured_media":881,"comment_status":"closed","ping_status":"closed","template":"","meta":[],"product_brand":[],"product_cat":[161],"product_tag":[],"class_list":{"0":"post-829","1":"product","2":"type-product","3":"status-publish","4":"has-post-thumbnail","6":"product_cat-ciencias-alternativas","8":"first","9":"outofstock","10":"taxable","11":"shipping-taxable","12":"purchasable","13":"product-type-simple"},"_links":{"self":[{"href":"https:\/\/www.mundilibros.cl\/web\/wp-json\/wp\/v2\/product\/829","targetHints":{"allow":["GET"]}}],"collection":[{"href":"https:\/\/www.mundilibros.cl\/web\/wp-json\/wp\/v2\/product"}],"about":[{"href":"https:\/\/www.mundilibros.cl\/web\/wp-json\/wp\/v2\/types\/product"}],"replies":[{"embeddable":true,"href":"https:\/\/www.mundilibros.cl\/web\/wp-json\/wp\/v2\/comments?post=829"}],"wp:featuredmedia":[{"embeddable":true,"href":"https:\/\/www.mundilibros.cl\/web\/wp-json\/wp\/v2\/media\/881"}],"wp:attachment":[{"href":"https:\/\/www.mundilibros.cl\/web\/wp-json\/wp\/v2\/media?parent=829"}],"wp:term":[{"taxonomy":"product_brand","embeddable":true,"href":"https:\/\/www.mundilibros.cl\/web\/wp-json\/wp\/v2\/product_brand?post=829"},{"taxonomy":"product_cat","embeddable":true,"href":"https:\/\/www.mundilibros.cl\/web\/wp-json\/wp\/v2\/product_cat?post=829"},{"taxonomy":"product_tag","embeddable":true,"href":"https:\/\/www.mundilibros.cl\/web\/wp-json\/wp\/v2\/product_tag?post=829"}],"curies":[{"name":"wp","href":"https:\/\/api.w.org\/{rel}","templated":true}]}}