{"id":831,"date":"2025-11-14T19:08:05","date_gmt":"2025-11-14T19:08:05","guid":{"rendered":"https:\/\/www.mundilibros.cl\/web\/?post_type=product&#038;p=831"},"modified":"2026-02-04T14:38:58","modified_gmt":"2026-02-04T14:38:58","slug":"no-funciona-la-tele","status":"publish","type":"product","link":"https:\/\/www.mundilibros.cl\/web\/producto\/no-funciona-la-tele\/","title":{"rendered":"NO FUNCIONA LA TELE"},"content":{"rendered":"<p>Pepa Le\u00f3n no puede vivir sin su televisi\u00f3n. La ni\u00f1a tiene un perro que se llama Barriga, pero no tiene tiempo para hacerle caso, por eso a Barriga no le gusta la tele. Una ma\u00f1ana, Pepa se da cuenta de que algo anda mal. La pantalla de la televisi\u00f3n est\u00e1 fr\u00eda y negra. \u00a1Socorro! \u00a1Hay que buscar un taller de reparaciones!.<\/p>\n<p>N\u00ba de p\u00e1ginas: 44<\/p>\n","protected":false},"excerpt":{"rendered":"<p>Pepa Le\u00f3n no puede vivir sin su televisi\u00f3n. La ni\u00f1a tiene un perro que se llama Barriga, pero no tiene tiempo para hacerle caso, por eso<span class=\"excerpt-hellip\"> [\u2026]<\/span><\/p>\n","protected":false},"featured_media":883,"comment_status":"closed","ping_status":"closed","template":"","meta":[],"product_brand":[],"product_cat":[33],"product_tag":[],"class_list":{"0":"post-831","1":"product","2":"type-product","3":"status-publish","4":"has-post-thumbnail","6":"product_cat-literatura-escolar","8":"first","9":"instock","10":"taxable","11":"shipping-taxable","12":"purchasable","13":"product-type-simple"},"_links":{"self":[{"href":"https:\/\/www.mundilibros.cl\/web\/wp-json\/wp\/v2\/product\/831","targetHints":{"allow":["GET"]}}],"collection":[{"href":"https:\/\/www.mundilibros.cl\/web\/wp-json\/wp\/v2\/product"}],"about":[{"href":"https:\/\/www.mundilibros.cl\/web\/wp-json\/wp\/v2\/types\/product"}],"replies":[{"embeddable":true,"href":"https:\/\/www.mundilibros.cl\/web\/wp-json\/wp\/v2\/comments?post=831"}],"wp:featuredmedia":[{"embeddable":true,"href":"https:\/\/www.mundilibros.cl\/web\/wp-json\/wp\/v2\/media\/883"}],"wp:attachment":[{"href":"https:\/\/www.mundilibros.cl\/web\/wp-json\/wp\/v2\/media?parent=831"}],"wp:term":[{"taxonomy":"product_brand","embeddable":true,"href":"https:\/\/www.mundilibros.cl\/web\/wp-json\/wp\/v2\/product_brand?post=831"},{"taxonomy":"product_cat","embeddable":true,"href":"https:\/\/www.mundilibros.cl\/web\/wp-json\/wp\/v2\/product_cat?post=831"},{"taxonomy":"product_tag","embeddable":true,"href":"https:\/\/www.mundilibros.cl\/web\/wp-json\/wp\/v2\/product_tag?post=831"}],"curies":[{"name":"wp","href":"https:\/\/api.w.org\/{rel}","templated":true}]}}