{"id":832,"date":"2025-11-14T19:08:05","date_gmt":"2025-11-14T19:08:05","guid":{"rendered":"https:\/\/www.mundilibros.cl\/web\/?post_type=product&#038;p=832"},"modified":"2026-02-04T14:29:14","modified_gmt":"2026-02-04T14:29:14","slug":"decameron","status":"publish","type":"product","link":"https:\/\/www.mundilibros.cl\/web\/producto\/decameron\/","title":{"rendered":"DECAMERON"},"content":{"rendered":"<p>Escrita en el \u00faltimo per\u00edodo de la Edad Media, el Decamer\u00f3n, de Giovanni Boccaccio, fue la primera gran obra italiana en prosa, y, adem\u00e1s, contribuy\u00f3 a sentar las bases de la novela moderna. Dej\u00f3 de lado la tem\u00e1tica religiosa y los personajes heroicos que predominaban en la \u00e9poca, para centrarse en temas profanos (riqueza, lujuria, enga\u00f1o), causando mucha controversia y siendo censurada incluso por la Inquisici\u00f3n. . La obra est\u00e1 compuesta por una colecci\u00f3n de cuentos de variada procedencia, contados por diez protagonistas que relatan una historia cada noche mientras se refugian en una villa huyendo de la peste que asola Florencia. Cada historia expone diversos aspectos de la vida humana con una visi\u00f3n sat\u00edrica y exagerada de las costumbres de aquel tiempo. . En la presente edici\u00f3n se presenta al lector una selecci\u00f3n de los mejores relatos que componen esta joya imprescindible de la literatura universal.<\/p>\n","protected":false},"excerpt":{"rendered":"<p>Escrita en el \u00faltimo per\u00edodo de la Edad Media, el Decamer\u00f3n, de Giovanni Boccaccio, fue la primera gran obra italiana en prosa, y, adem\u00e1s, contribuy\u00f3 a<span class=\"excerpt-hellip\"> [\u2026]<\/span><\/p>\n","protected":false},"featured_media":884,"comment_status":"closed","ping_status":"closed","template":"","meta":[],"product_brand":[],"product_cat":[110,89],"product_tag":[],"class_list":{"0":"post-832","1":"product","2":"type-product","3":"status-publish","4":"has-post-thumbnail","6":"product_cat-clasicos","7":"product_cat-ofertas","9":"first","10":"instock","11":"taxable","12":"shipping-taxable","13":"purchasable","14":"product-type-simple"},"_links":{"self":[{"href":"https:\/\/www.mundilibros.cl\/web\/wp-json\/wp\/v2\/product\/832","targetHints":{"allow":["GET"]}}],"collection":[{"href":"https:\/\/www.mundilibros.cl\/web\/wp-json\/wp\/v2\/product"}],"about":[{"href":"https:\/\/www.mundilibros.cl\/web\/wp-json\/wp\/v2\/types\/product"}],"replies":[{"embeddable":true,"href":"https:\/\/www.mundilibros.cl\/web\/wp-json\/wp\/v2\/comments?post=832"}],"wp:featuredmedia":[{"embeddable":true,"href":"https:\/\/www.mundilibros.cl\/web\/wp-json\/wp\/v2\/media\/884"}],"wp:attachment":[{"href":"https:\/\/www.mundilibros.cl\/web\/wp-json\/wp\/v2\/media?parent=832"}],"wp:term":[{"taxonomy":"product_brand","embeddable":true,"href":"https:\/\/www.mundilibros.cl\/web\/wp-json\/wp\/v2\/product_brand?post=832"},{"taxonomy":"product_cat","embeddable":true,"href":"https:\/\/www.mundilibros.cl\/web\/wp-json\/wp\/v2\/product_cat?post=832"},{"taxonomy":"product_tag","embeddable":true,"href":"https:\/\/www.mundilibros.cl\/web\/wp-json\/wp\/v2\/product_tag?post=832"}],"curies":[{"name":"wp","href":"https:\/\/api.w.org\/{rel}","templated":true}]}}