{"id":833,"date":"2025-11-14T19:08:05","date_gmt":"2025-11-14T19:08:05","guid":{"rendered":"https:\/\/www.mundilibros.cl\/web\/?post_type=product&#038;p=833"},"modified":"2025-11-14T19:08:59","modified_gmt":"2025-11-14T19:08:59","slug":"quo-vadis","status":"publish","type":"product","link":"https:\/\/www.mundilibros.cl\/web\/producto\/quo-vadis\/","title":{"rendered":"QUO VADIS"},"content":{"rendered":"<p>Escrita por el polaco Henryk Sienkiewicz (1846-1916), narra la historia de Ligia, una joven mujer cristiana y Vinicio, un patricio romano, y el amor que se desenvuelve entre ellos mientras viven en Roma bajo el mandato de Ner\u00f3n. La novela tiene un mensaje decididamente pro cristiano, no solo por su momento hist\u00f3rico, sino por el desarrollo de la trama en torno a figuras claves del cristianismo en su formaci\u00f3n. Sin embargo, el desarrollo de la historia no es de car\u00e1cter panfletario, pero al mostrar los hechos y describir los tratos a los cristianos de la \u00e9poca inevitablemente adquiere una posici\u00f3n defensiva de esta religi\u00f3n. La novela fue una de las contribuciones para que su autor ganara el premio Nobel de literatura en el a\u00f1o 1905.<\/p>\n","protected":false},"excerpt":{"rendered":"<p>Escrita por el polaco Henryk Sienkiewicz (1846-1916), narra la historia de Ligia, una joven mujer cristiana y Vinicio, un patricio romano, y el amor que se<span class=\"excerpt-hellip\"> [\u2026]<\/span><\/p>\n","protected":false},"featured_media":885,"comment_status":"closed","ping_status":"closed","template":"","meta":[],"product_brand":[],"product_cat":[110],"product_tag":[],"class_list":{"0":"post-833","1":"product","2":"type-product","3":"status-publish","4":"has-post-thumbnail","6":"product_cat-clasicos","8":"first","9":"instock","10":"taxable","11":"shipping-taxable","12":"purchasable","13":"product-type-simple"},"_links":{"self":[{"href":"https:\/\/www.mundilibros.cl\/web\/wp-json\/wp\/v2\/product\/833","targetHints":{"allow":["GET"]}}],"collection":[{"href":"https:\/\/www.mundilibros.cl\/web\/wp-json\/wp\/v2\/product"}],"about":[{"href":"https:\/\/www.mundilibros.cl\/web\/wp-json\/wp\/v2\/types\/product"}],"replies":[{"embeddable":true,"href":"https:\/\/www.mundilibros.cl\/web\/wp-json\/wp\/v2\/comments?post=833"}],"wp:featuredmedia":[{"embeddable":true,"href":"https:\/\/www.mundilibros.cl\/web\/wp-json\/wp\/v2\/media\/885"}],"wp:attachment":[{"href":"https:\/\/www.mundilibros.cl\/web\/wp-json\/wp\/v2\/media?parent=833"}],"wp:term":[{"taxonomy":"product_brand","embeddable":true,"href":"https:\/\/www.mundilibros.cl\/web\/wp-json\/wp\/v2\/product_brand?post=833"},{"taxonomy":"product_cat","embeddable":true,"href":"https:\/\/www.mundilibros.cl\/web\/wp-json\/wp\/v2\/product_cat?post=833"},{"taxonomy":"product_tag","embeddable":true,"href":"https:\/\/www.mundilibros.cl\/web\/wp-json\/wp\/v2\/product_tag?post=833"}],"curies":[{"name":"wp","href":"https:\/\/api.w.org\/{rel}","templated":true}]}}