{"id":844,"date":"2025-11-14T19:08:29","date_gmt":"2025-11-14T19:08:29","guid":{"rendered":"https:\/\/www.mundilibros.cl\/web\/?post_type=product&#038;p=844"},"modified":"2025-11-14T19:08:59","modified_gmt":"2025-11-14T19:08:59","slug":"cumbres-borrascosas","status":"publish","type":"product","link":"https:\/\/www.mundilibros.cl\/web\/producto\/cumbres-borrascosas\/","title":{"rendered":"CUMBRES BORRASCOSAS"},"content":{"rendered":"<p>En el escenario opresivo de un escarpado, oscuro y ventoso paisaje rural de la Inglaterra victoriana, entre las cumbres borrascosas que simbolizan el agitado mundo interior de los protagonistas, Emily Bront\u00eb situ\u00f3 la imposible relaci\u00f3n entre el joven Heatcliff, de origen humilde, y la adinerada Catherine Earnshaw.<br \/>\nRechazado y humillado por su baja clase social, obligado a renunciar al para\u00edso, Heatcliff se rebelar\u00e1 contra su destino con el poder de un \u00e1ngel ca\u00eddo que se rebela contra Dios, consagrando su fuerza y su energ\u00eda salvaje, implacable, a destruir esos valores tradicionales y eternos que le han sido negados: \u00abHe vencido a mis antiguos enemigos y ahora puedo, si quiero, completar mi venganza en sus descendientes\u00bb.<br \/>\nAmor y odio en su m\u00e1xima expresi\u00f3n, atracci\u00f3n fatal y deseo de venganza, pasiones rom\u00e1nticas y caracteres arrebatados y escindidos en el eterno combate entre la realidad y el deseo, tal es la esencia de esta grandiosa novela, una de las obras cumbres de la narrativa universal y tal vez el ejemplo m\u00e1s aquilatado de la novela rom\u00e1ntica.<\/p>\n","protected":false},"excerpt":{"rendered":"<p>En el escenario opresivo de un escarpado, oscuro y ventoso paisaje rural de la Inglaterra victoriana, entre las cumbres borrascosas que simbolizan el agitado mundo interior<span class=\"excerpt-hellip\"> [\u2026]<\/span><\/p>\n","protected":false},"featured_media":886,"comment_status":"closed","ping_status":"closed","template":"","meta":[],"product_brand":[],"product_cat":[110],"product_tag":[],"class_list":{"0":"post-844","1":"product","2":"type-product","3":"status-publish","4":"has-post-thumbnail","6":"product_cat-clasicos","8":"first","9":"outofstock","10":"taxable","11":"shipping-taxable","12":"purchasable","13":"product-type-simple"},"_links":{"self":[{"href":"https:\/\/www.mundilibros.cl\/web\/wp-json\/wp\/v2\/product\/844","targetHints":{"allow":["GET"]}}],"collection":[{"href":"https:\/\/www.mundilibros.cl\/web\/wp-json\/wp\/v2\/product"}],"about":[{"href":"https:\/\/www.mundilibros.cl\/web\/wp-json\/wp\/v2\/types\/product"}],"replies":[{"embeddable":true,"href":"https:\/\/www.mundilibros.cl\/web\/wp-json\/wp\/v2\/comments?post=844"}],"wp:featuredmedia":[{"embeddable":true,"href":"https:\/\/www.mundilibros.cl\/web\/wp-json\/wp\/v2\/media\/886"}],"wp:attachment":[{"href":"https:\/\/www.mundilibros.cl\/web\/wp-json\/wp\/v2\/media?parent=844"}],"wp:term":[{"taxonomy":"product_brand","embeddable":true,"href":"https:\/\/www.mundilibros.cl\/web\/wp-json\/wp\/v2\/product_brand?post=844"},{"taxonomy":"product_cat","embeddable":true,"href":"https:\/\/www.mundilibros.cl\/web\/wp-json\/wp\/v2\/product_cat?post=844"},{"taxonomy":"product_tag","embeddable":true,"href":"https:\/\/www.mundilibros.cl\/web\/wp-json\/wp\/v2\/product_tag?post=844"}],"curies":[{"name":"wp","href":"https:\/\/api.w.org\/{rel}","templated":true}]}}