{"id":845,"date":"2025-11-14T19:08:29","date_gmt":"2025-11-14T19:08:29","guid":{"rendered":"https:\/\/www.mundilibros.cl\/web\/?post_type=product&#038;p=845"},"modified":"2025-11-14T19:09:00","modified_gmt":"2025-11-14T19:09:00","slug":"crimen-y-castigo","status":"publish","type":"product","link":"https:\/\/www.mundilibros.cl\/web\/producto\/crimen-y-castigo\/","title":{"rendered":"CRIMEN Y CASTIGO"},"content":{"rendered":"<p>Crimen y castigo es una de las obras cumbre de la producci\u00f3n del ruso Fi\u00f3dor Dostoyevski (1821-1881), una de las grandes figuras de la literatura universal de todos los tiempos. Crimen y castigo es una extraordinaria novela filos\u00f3fica, psicol\u00f3gica y social con una trama policiaca, constituyendo uno de los relatos m\u00e1s sobrecogedores, polif\u00f3nicos y brillantes de las letras rusas, uno de esos grandes monumentos que se elevan en el paisaje literario y cuya sombra poderosa cubre y marca el resto de la novel\u00edstica posterior.<\/p>\n","protected":false},"excerpt":{"rendered":"<p>Crimen y castigo es una de las obras cumbre de la producci\u00f3n del ruso Fi\u00f3dor Dostoyevski (1821-1881), una de las grandes figuras de la literatura universal<span class=\"excerpt-hellip\"> [\u2026]<\/span><\/p>\n","protected":false},"featured_media":887,"comment_status":"closed","ping_status":"closed","template":"","meta":[],"product_brand":[],"product_cat":[110],"product_tag":[],"class_list":{"0":"post-845","1":"product","2":"type-product","3":"status-publish","4":"has-post-thumbnail","6":"product_cat-clasicos","8":"first","9":"outofstock","10":"sale","11":"taxable","12":"shipping-taxable","13":"purchasable","14":"product-type-simple"},"_links":{"self":[{"href":"https:\/\/www.mundilibros.cl\/web\/wp-json\/wp\/v2\/product\/845","targetHints":{"allow":["GET"]}}],"collection":[{"href":"https:\/\/www.mundilibros.cl\/web\/wp-json\/wp\/v2\/product"}],"about":[{"href":"https:\/\/www.mundilibros.cl\/web\/wp-json\/wp\/v2\/types\/product"}],"replies":[{"embeddable":true,"href":"https:\/\/www.mundilibros.cl\/web\/wp-json\/wp\/v2\/comments?post=845"}],"wp:featuredmedia":[{"embeddable":true,"href":"https:\/\/www.mundilibros.cl\/web\/wp-json\/wp\/v2\/media\/887"}],"wp:attachment":[{"href":"https:\/\/www.mundilibros.cl\/web\/wp-json\/wp\/v2\/media?parent=845"}],"wp:term":[{"taxonomy":"product_brand","embeddable":true,"href":"https:\/\/www.mundilibros.cl\/web\/wp-json\/wp\/v2\/product_brand?post=845"},{"taxonomy":"product_cat","embeddable":true,"href":"https:\/\/www.mundilibros.cl\/web\/wp-json\/wp\/v2\/product_cat?post=845"},{"taxonomy":"product_tag","embeddable":true,"href":"https:\/\/www.mundilibros.cl\/web\/wp-json\/wp\/v2\/product_tag?post=845"}],"curies":[{"name":"wp","href":"https:\/\/api.w.org\/{rel}","templated":true}]}}