{"id":846,"date":"2025-11-14T19:08:29","date_gmt":"2025-11-14T19:08:29","guid":{"rendered":"https:\/\/www.mundilibros.cl\/web\/?post_type=product&#038;p=846"},"modified":"2025-11-14T19:09:03","modified_gmt":"2025-11-14T19:09:03","slug":"h-p-lovecraft-narrativa-completa","status":"publish","type":"product","link":"https:\/\/www.mundilibros.cl\/web\/producto\/h-p-lovecraft-narrativa-completa\/","title":{"rendered":"H.P. LOVECRAFT NARRATIVA COMPLETA"},"content":{"rendered":"<div id=\"pgc-2781-2-0\" class=\"panel-grid-cell\">\n<div id=\"panel-2781-2-0-0\" class=\"so-panel widget widget_sow-editor panel-first-child panel-last-child\" data-index=\"6\">\n<div class=\"so-widget-sow-editor so-widget-sow-editor-base\">\n<div class=\"siteorigin-widget-tinymce textwidget\">\n<p>El escritor norteamericano Howard Phillips Lovecraft (1890-1937), mejor conocido como H. P. Lovecraft, es uno de los autores m\u00e1s admirados del g\u00e9nero de terror y de misterio en el siempre expansivo panorama de la literatura universal. Pr\u00e1cticamente desconocido durante su corta vida, el autor alcanz\u00f3 la fama de manera p\u00f3stuma por la incansable labor de sus colaboradores y editores. Estos consideraron que sus terror\u00edficas creaciones y retorcidas historias deb\u00edan ser le\u00eddas y apreciadas por un p\u00fablico m\u00e1s amplio, logrando convertirse con el tiempo en un referente de la literatura de terror y en la inspiraci\u00f3n de innumerables autores.<\/p>\n<p>El \u201cterror c\u00f3smico\u201d, mitolog\u00edas complejas y expansivas, la exploraci\u00f3n de las profundidades del horror humano y el miedo a lo desconocido e incomprensible ser\u00edan el sello de la mayor\u00eda de sus relatos y novelas cortas, todas ellas recopiladas en este volumen.<\/p>\n<\/div>\n<\/div>\n<\/div>\n<\/div>\n<div id=\"pgc-2781-2-1\" class=\"panel-grid-cell\">\n<div id=\"panel-2781-2-1-0\" class=\"so-panel widget widget_text panel-first-child panel-last-child\" data-index=\"7\">\n<div class=\"textwidget\"><\/div>\n<\/div>\n<\/div>\n","protected":false},"excerpt":{"rendered":"<p>El escritor norteamericano Howard Phillips Lovecraft (1890-1937), mejor conocido como H. P. Lovecraft, es uno de los autores m\u00e1s admirados del g\u00e9nero de terror y de<span class=\"excerpt-hellip\"> [\u2026]<\/span><\/p>\n","protected":false},"featured_media":888,"comment_status":"closed","ping_status":"closed","template":"","meta":[],"product_brand":[],"product_cat":[110,29],"product_tag":[],"class_list":{"0":"post-846","1":"product","2":"type-product","3":"status-publish","4":"has-post-thumbnail","6":"product_cat-clasicos","7":"product_cat-suspenso-terror","9":"first","10":"instock","11":"taxable","12":"shipping-taxable","13":"purchasable","14":"product-type-simple"},"_links":{"self":[{"href":"https:\/\/www.mundilibros.cl\/web\/wp-json\/wp\/v2\/product\/846","targetHints":{"allow":["GET"]}}],"collection":[{"href":"https:\/\/www.mundilibros.cl\/web\/wp-json\/wp\/v2\/product"}],"about":[{"href":"https:\/\/www.mundilibros.cl\/web\/wp-json\/wp\/v2\/types\/product"}],"replies":[{"embeddable":true,"href":"https:\/\/www.mundilibros.cl\/web\/wp-json\/wp\/v2\/comments?post=846"}],"wp:featuredmedia":[{"embeddable":true,"href":"https:\/\/www.mundilibros.cl\/web\/wp-json\/wp\/v2\/media\/888"}],"wp:attachment":[{"href":"https:\/\/www.mundilibros.cl\/web\/wp-json\/wp\/v2\/media?parent=846"}],"wp:term":[{"taxonomy":"product_brand","embeddable":true,"href":"https:\/\/www.mundilibros.cl\/web\/wp-json\/wp\/v2\/product_brand?post=846"},{"taxonomy":"product_cat","embeddable":true,"href":"https:\/\/www.mundilibros.cl\/web\/wp-json\/wp\/v2\/product_cat?post=846"},{"taxonomy":"product_tag","embeddable":true,"href":"https:\/\/www.mundilibros.cl\/web\/wp-json\/wp\/v2\/product_tag?post=846"}],"curies":[{"name":"wp","href":"https:\/\/api.w.org\/{rel}","templated":true}]}}